{"id":561,"date":"2020-10-01T14:46:39","date_gmt":"2020-10-01T14:46:39","guid":{"rendered":"http:\/\/staging1.bodevici.es\/?post_type=product&#038;p=561"},"modified":"2021-02-12T09:50:17","modified_gmt":"2021-02-12T09:50:17","slug":"sorbete-de-mango","status":"publish","type":"product","link":"https:\/\/bodevici.com\/es\/producto\/sorbete-de-mango","title":{"rendered":"Sorbete de mango"},"content":{"rendered":"","protected":false},"excerpt":{"rendered":"<p>Un helado de mango que sabe a mango de verdad. \u00a1Sin colorantes! Aqu\u00ed todo es natural 100%: su color y su sabor. Los elaboramos con las cremosas y finas pulpas de los mangos de temporada, madurados en el mismo \u00e1rbol. Los traemos desde M\u00e1laga, uno de los pocos lugares de Europa donde se cultiva esta deliciosa fruta. As\u00ed que no hay espacio para artificios<\/p>\n","protected":false},"featured_media":657,"template":"","meta":{"_genesis_hide_title":false,"_genesis_hide_breadcrumbs":false,"_genesis_hide_singular_image":false,"_genesis_hide_footer_widgets":false,"_genesis_custom_body_class":"","_genesis_custom_post_class":"","_genesis_layout":""},"product_brand":[],"product_cat":[17],"product_tag":[],"class_list":{"0":"post-561","1":"product","2":"type-product","3":"status-publish","4":"has-post-thumbnail","6":"product_cat-helados","7":"entry","9":"first","10":"instock","11":"shipping-taxable","12":"product-type-simple"},"yoast_head":"<!-- This site is optimized with the Yoast SEO plugin v25.4 - https:\/\/yoast.com\/wordpress\/plugins\/seo\/ -->\n<title>Sorbete de mango - Bodevici<\/title>\n<meta name=\"robots\" content=\"index, follow, max-snippet:-1, max-image-preview:large, max-video-preview:-1\" \/>\n<link rel=\"canonical\" href=\"https:\/\/bodevici.com\/es\/producto\/sorbete-de-mango\" \/>\n<meta property=\"og:locale\" content=\"es_ES\" \/>\n<meta property=\"og:type\" content=\"article\" \/>\n<meta property=\"og:title\" content=\"Sorbete de mango - Bodevici\" \/>\n<meta property=\"og:description\" content=\"Un helado de mango que sabe a mango de verdad. \u00a1Sin colorantes! Aqu\u00ed todo es natural 100%: su color y su sabor. Los elaboramos con las cremosas y finas pulpas de los mangos de temporada, madurados en el mismo \u00e1rbol. Los traemos desde M\u00e1laga, uno de los pocos lugares de Europa donde se cultiva esta deliciosa fruta. As\u00ed que no hay espacio para artificios\" \/>\n<meta property=\"og:url\" content=\"https:\/\/bodevici.com\/es\/producto\/sorbete-de-mango\" \/>\n<meta property=\"og:site_name\" content=\"Bodevici\" \/>\n<meta property=\"article:modified_time\" content=\"2021-02-12T09:50:17+00:00\" \/>\n<meta property=\"og:image\" content=\"https:\/\/bodevici.com\/wp-content\/uploads\/2020\/10\/sorbete-mango.png\" \/>\n\t<meta property=\"og:image:width\" content=\"800\" \/>\n\t<meta property=\"og:image:height\" content=\"800\" \/>\n\t<meta property=\"og:image:type\" content=\"image\/png\" \/>\n<meta name=\"twitter:card\" content=\"summary_large_image\" \/>\n<script type=\"application\/ld+json\" class=\"yoast-schema-graph\">{\"@context\":\"https:\/\/schema.org\",\"@graph\":[{\"@type\":\"WebPage\",\"@id\":\"https:\/\/bodevici.com\/es\/producto\/sorbete-de-mango\",\"url\":\"https:\/\/bodevici.com\/es\/producto\/sorbete-de-mango\",\"name\":\"Sorbete de mango - Bodevici\",\"isPartOf\":{\"@id\":\"https:\/\/bodevici.com\/#website\"},\"primaryImageOfPage\":{\"@id\":\"https:\/\/bodevici.com\/es\/producto\/sorbete-de-mango#primaryimage\"},\"image\":{\"@id\":\"https:\/\/bodevici.com\/es\/producto\/sorbete-de-mango#primaryimage\"},\"thumbnailUrl\":\"https:\/\/bodevici.com\/wp-content\/uploads\/2020\/10\/sorbete-mango.png\",\"datePublished\":\"2020-10-01T14:46:39+00:00\",\"dateModified\":\"2021-02-12T09:50:17+00:00\",\"breadcrumb\":{\"@id\":\"https:\/\/bodevici.com\/es\/producto\/sorbete-de-mango#breadcrumb\"},\"inLanguage\":\"es\",\"potentialAction\":[{\"@type\":\"ReadAction\",\"target\":[\"https:\/\/bodevici.com\/es\/producto\/sorbete-de-mango\"]}]},{\"@type\":\"ImageObject\",\"inLanguage\":\"es\",\"@id\":\"https:\/\/bodevici.com\/es\/producto\/sorbete-de-mango#primaryimage\",\"url\":\"https:\/\/bodevici.com\/wp-content\/uploads\/2020\/10\/sorbete-mango.png\",\"contentUrl\":\"https:\/\/bodevici.com\/wp-content\/uploads\/2020\/10\/sorbete-mango.png\",\"width\":800,\"height\":800},{\"@type\":\"BreadcrumbList\",\"@id\":\"https:\/\/bodevici.com\/es\/producto\/sorbete-de-mango#breadcrumb\",\"itemListElement\":[{\"@type\":\"ListItem\",\"position\":1,\"name\":\"Inici\",\"item\":\"https:\/\/bodevici.com\/es\"},{\"@type\":\"ListItem\",\"position\":2,\"name\":\"Botiga\",\"item\":\"https:\/\/bodevici.com\/?page_id=74547\"},{\"@type\":\"ListItem\",\"position\":3,\"name\":\"Sorbete de mango\"}]},{\"@type\":\"WebSite\",\"@id\":\"https:\/\/bodevici.com\/#website\",\"url\":\"https:\/\/bodevici.com\/\",\"name\":\"Bodevici\",\"description\":\"Somos la 1\u00aa heladeria Zero Waste de Europa\",\"potentialAction\":[{\"@type\":\"SearchAction\",\"target\":{\"@type\":\"EntryPoint\",\"urlTemplate\":\"https:\/\/bodevici.com\/?s={search_term_string}\"},\"query-input\":{\"@type\":\"PropertyValueSpecification\",\"valueRequired\":true,\"valueName\":\"search_term_string\"}}],\"inLanguage\":\"es\"}]}<\/script>\n<!-- \/ Yoast SEO plugin. -->","yoast_head_json":{"title":"Sorbete de mango - Bodevici","robots":{"index":"index","follow":"follow","max-snippet":"max-snippet:-1","max-image-preview":"max-image-preview:large","max-video-preview":"max-video-preview:-1"},"canonical":"https:\/\/bodevici.com\/es\/producto\/sorbete-de-mango","og_locale":"es_ES","og_type":"article","og_title":"Sorbete de mango - Bodevici","og_description":"Un helado de mango que sabe a mango de verdad. \u00a1Sin colorantes! Aqu\u00ed todo es natural 100%: su color y su sabor. Los elaboramos con las cremosas y finas pulpas de los mangos de temporada, madurados en el mismo \u00e1rbol. Los traemos desde M\u00e1laga, uno de los pocos lugares de Europa donde se cultiva esta deliciosa fruta. As\u00ed que no hay espacio para artificios","og_url":"https:\/\/bodevici.com\/es\/producto\/sorbete-de-mango","og_site_name":"Bodevici","article_modified_time":"2021-02-12T09:50:17+00:00","og_image":[{"width":800,"height":800,"url":"https:\/\/bodevici.com\/wp-content\/uploads\/2020\/10\/sorbete-mango.png","type":"image\/png"}],"twitter_card":"summary_large_image","schema":{"@context":"https:\/\/schema.org","@graph":[{"@type":"WebPage","@id":"https:\/\/bodevici.com\/es\/producto\/sorbete-de-mango","url":"https:\/\/bodevici.com\/es\/producto\/sorbete-de-mango","name":"Sorbete de mango - Bodevici","isPartOf":{"@id":"https:\/\/bodevici.com\/#website"},"primaryImageOfPage":{"@id":"https:\/\/bodevici.com\/es\/producto\/sorbete-de-mango#primaryimage"},"image":{"@id":"https:\/\/bodevici.com\/es\/producto\/sorbete-de-mango#primaryimage"},"thumbnailUrl":"https:\/\/bodevici.com\/wp-content\/uploads\/2020\/10\/sorbete-mango.png","datePublished":"2020-10-01T14:46:39+00:00","dateModified":"2021-02-12T09:50:17+00:00","breadcrumb":{"@id":"https:\/\/bodevici.com\/es\/producto\/sorbete-de-mango#breadcrumb"},"inLanguage":"es","potentialAction":[{"@type":"ReadAction","target":["https:\/\/bodevici.com\/es\/producto\/sorbete-de-mango"]}]},{"@type":"ImageObject","inLanguage":"es","@id":"https:\/\/bodevici.com\/es\/producto\/sorbete-de-mango#primaryimage","url":"https:\/\/bodevici.com\/wp-content\/uploads\/2020\/10\/sorbete-mango.png","contentUrl":"https:\/\/bodevici.com\/wp-content\/uploads\/2020\/10\/sorbete-mango.png","width":800,"height":800},{"@type":"BreadcrumbList","@id":"https:\/\/bodevici.com\/es\/producto\/sorbete-de-mango#breadcrumb","itemListElement":[{"@type":"ListItem","position":1,"name":"Inici","item":"https:\/\/bodevici.com\/es"},{"@type":"ListItem","position":2,"name":"Botiga","item":"https:\/\/bodevici.com\/?page_id=74547"},{"@type":"ListItem","position":3,"name":"Sorbete de mango"}]},{"@type":"WebSite","@id":"https:\/\/bodevici.com\/#website","url":"https:\/\/bodevici.com\/","name":"Bodevici","description":"Somos la 1\u00aa heladeria Zero Waste de Europa","potentialAction":[{"@type":"SearchAction","target":{"@type":"EntryPoint","urlTemplate":"https:\/\/bodevici.com\/?s={search_term_string}"},"query-input":{"@type":"PropertyValueSpecification","valueRequired":true,"valueName":"search_term_string"}}],"inLanguage":"es"}]}},"_links":{"self":[{"href":"https:\/\/bodevici.com\/es\/wp-json\/wp\/v2\/product\/561","targetHints":{"allow":["GET"]}}],"collection":[{"href":"https:\/\/bodevici.com\/es\/wp-json\/wp\/v2\/product"}],"about":[{"href":"https:\/\/bodevici.com\/es\/wp-json\/wp\/v2\/types\/product"}],"wp:featuredmedia":[{"embeddable":true,"href":"https:\/\/bodevici.com\/es\/wp-json\/wp\/v2\/media\/657"}],"wp:attachment":[{"href":"https:\/\/bodevici.com\/es\/wp-json\/wp\/v2\/media?parent=561"}],"wp:term":[{"taxonomy":"product_brand","embeddable":true,"href":"https:\/\/bodevici.com\/es\/wp-json\/wp\/v2\/product_brand?post=561"},{"taxonomy":"product_cat","embeddable":true,"href":"https:\/\/bodevici.com\/es\/wp-json\/wp\/v2\/product_cat?post=561"},{"taxonomy":"product_tag","embeddable":true,"href":"https:\/\/bodevici.com\/es\/wp-json\/wp\/v2\/product_tag?post=561"}],"curies":[{"name":"wp","href":"https:\/\/api.w.org\/{rel}","templated":true}]}}