{"id":556,"date":"2020-10-01T14:43:00","date_gmt":"2020-10-01T14:43:00","guid":{"rendered":"http:\/\/staging1.bodevici.es\/?post_type=product&#038;p=556"},"modified":"2021-02-12T09:51:41","modified_gmt":"2021-02-12T09:51:41","slug":"sorbete-de-limon","status":"publish","type":"product","link":"https:\/\/bodevici.com\/es\/producto\/sorbete-de-limon","title":{"rendered":"Sorbete de lim\u00f3n"},"content":{"rendered":"","protected":false},"excerpt":{"rendered":"<p>Es un sabor aut\u00e9ntico a lim\u00f3n, ligero y refrescante, que mantiene todas sus vitaminas. Lo conseguimos gracias a los limones 100% naturales que nos llegan desde Catalu\u00f1a y Valencia. Tiene ese gusto \u00e1cido tan caracter\u00edstico de la fruta, al que hemos logrado darle un punto cremoso, con un poco de cuerpo. Y, aunque seg\u00fan la \u00e9poca del a\u00f1o puede variar un poco el sabor: nos resulta sencillamente delicioso. <\/p>\n","protected":false},"featured_media":672,"template":"","meta":{"_genesis_hide_title":false,"_genesis_hide_breadcrumbs":false,"_genesis_hide_singular_image":false,"_genesis_hide_footer_widgets":false,"_genesis_custom_body_class":"","_genesis_custom_post_class":"","_genesis_layout":""},"product_brand":[],"product_cat":[17],"product_tag":[],"class_list":{"0":"post-556","1":"product","2":"type-product","3":"status-publish","4":"has-post-thumbnail","6":"product_cat-helados","7":"entry","9":"first","10":"instock","11":"shipping-taxable","12":"product-type-simple"},"yoast_head":"<!-- This site is optimized with the Yoast SEO plugin v25.4 - https:\/\/yoast.com\/wordpress\/plugins\/seo\/ -->\n<title>Sorbete de lim\u00f3n - Bodevici<\/title>\n<meta name=\"robots\" content=\"index, follow, max-snippet:-1, max-image-preview:large, max-video-preview:-1\" \/>\n<link rel=\"canonical\" href=\"https:\/\/bodevici.com\/es\/producto\/sorbete-de-limon\" \/>\n<meta property=\"og:locale\" content=\"es_ES\" \/>\n<meta property=\"og:type\" content=\"article\" \/>\n<meta property=\"og:title\" content=\"Sorbete de lim\u00f3n - Bodevici\" \/>\n<meta property=\"og:description\" content=\"Es un sabor aut\u00e9ntico a lim\u00f3n, ligero y refrescante, que mantiene todas sus vitaminas. Lo conseguimos gracias a los limones 100% naturales que nos llegan desde Catalu\u00f1a y Valencia. Tiene ese gusto \u00e1cido tan caracter\u00edstico de la fruta, al que hemos logrado darle un punto cremoso, con un poco de cuerpo. Y, aunque seg\u00fan la \u00e9poca del a\u00f1o puede variar un poco el sabor: nos resulta sencillamente delicioso.\" \/>\n<meta property=\"og:url\" content=\"https:\/\/bodevici.com\/es\/producto\/sorbete-de-limon\" \/>\n<meta property=\"og:site_name\" content=\"Bodevici\" \/>\n<meta property=\"article:modified_time\" content=\"2021-02-12T09:51:41+00:00\" \/>\n<meta property=\"og:image\" content=\"https:\/\/bodevici.com\/wp-content\/uploads\/2020\/10\/sorbete-de-limon.png\" \/>\n\t<meta property=\"og:image:width\" content=\"800\" \/>\n\t<meta property=\"og:image:height\" content=\"800\" \/>\n\t<meta property=\"og:image:type\" content=\"image\/png\" \/>\n<meta name=\"twitter:card\" content=\"summary_large_image\" \/>\n<script type=\"application\/ld+json\" class=\"yoast-schema-graph\">{\"@context\":\"https:\/\/schema.org\",\"@graph\":[{\"@type\":\"WebPage\",\"@id\":\"https:\/\/bodevici.com\/es\/producto\/sorbete-de-limon\",\"url\":\"https:\/\/bodevici.com\/es\/producto\/sorbete-de-limon\",\"name\":\"Sorbete de lim\u00f3n - Bodevici\",\"isPartOf\":{\"@id\":\"https:\/\/bodevici.com\/#website\"},\"primaryImageOfPage\":{\"@id\":\"https:\/\/bodevici.com\/es\/producto\/sorbete-de-limon#primaryimage\"},\"image\":{\"@id\":\"https:\/\/bodevici.com\/es\/producto\/sorbete-de-limon#primaryimage\"},\"thumbnailUrl\":\"https:\/\/bodevici.com\/wp-content\/uploads\/2020\/10\/sorbete-de-limon.png\",\"datePublished\":\"2020-10-01T14:43:00+00:00\",\"dateModified\":\"2021-02-12T09:51:41+00:00\",\"breadcrumb\":{\"@id\":\"https:\/\/bodevici.com\/es\/producto\/sorbete-de-limon#breadcrumb\"},\"inLanguage\":\"es\",\"potentialAction\":[{\"@type\":\"ReadAction\",\"target\":[\"https:\/\/bodevici.com\/es\/producto\/sorbete-de-limon\"]}]},{\"@type\":\"ImageObject\",\"inLanguage\":\"es\",\"@id\":\"https:\/\/bodevici.com\/es\/producto\/sorbete-de-limon#primaryimage\",\"url\":\"https:\/\/bodevici.com\/wp-content\/uploads\/2020\/10\/sorbete-de-limon.png\",\"contentUrl\":\"https:\/\/bodevici.com\/wp-content\/uploads\/2020\/10\/sorbete-de-limon.png\",\"width\":800,\"height\":800},{\"@type\":\"BreadcrumbList\",\"@id\":\"https:\/\/bodevici.com\/es\/producto\/sorbete-de-limon#breadcrumb\",\"itemListElement\":[{\"@type\":\"ListItem\",\"position\":1,\"name\":\"Inici\",\"item\":\"https:\/\/bodevici.com\/es\"},{\"@type\":\"ListItem\",\"position\":2,\"name\":\"Botiga\",\"item\":\"https:\/\/bodevici.com\/?page_id=74547\"},{\"@type\":\"ListItem\",\"position\":3,\"name\":\"Sorbete de lim\u00f3n\"}]},{\"@type\":\"WebSite\",\"@id\":\"https:\/\/bodevici.com\/#website\",\"url\":\"https:\/\/bodevici.com\/\",\"name\":\"Bodevici\",\"description\":\"Somos la 1\u00aa heladeria Zero Waste de Europa\",\"potentialAction\":[{\"@type\":\"SearchAction\",\"target\":{\"@type\":\"EntryPoint\",\"urlTemplate\":\"https:\/\/bodevici.com\/?s={search_term_string}\"},\"query-input\":{\"@type\":\"PropertyValueSpecification\",\"valueRequired\":true,\"valueName\":\"search_term_string\"}}],\"inLanguage\":\"es\"}]}<\/script>\n<!-- \/ Yoast SEO plugin. -->","yoast_head_json":{"title":"Sorbete de lim\u00f3n - Bodevici","robots":{"index":"index","follow":"follow","max-snippet":"max-snippet:-1","max-image-preview":"max-image-preview:large","max-video-preview":"max-video-preview:-1"},"canonical":"https:\/\/bodevici.com\/es\/producto\/sorbete-de-limon","og_locale":"es_ES","og_type":"article","og_title":"Sorbete de lim\u00f3n - Bodevici","og_description":"Es un sabor aut\u00e9ntico a lim\u00f3n, ligero y refrescante, que mantiene todas sus vitaminas. Lo conseguimos gracias a los limones 100% naturales que nos llegan desde Catalu\u00f1a y Valencia. Tiene ese gusto \u00e1cido tan caracter\u00edstico de la fruta, al que hemos logrado darle un punto cremoso, con un poco de cuerpo. Y, aunque seg\u00fan la \u00e9poca del a\u00f1o puede variar un poco el sabor: nos resulta sencillamente delicioso.","og_url":"https:\/\/bodevici.com\/es\/producto\/sorbete-de-limon","og_site_name":"Bodevici","article_modified_time":"2021-02-12T09:51:41+00:00","og_image":[{"width":800,"height":800,"url":"https:\/\/bodevici.com\/wp-content\/uploads\/2020\/10\/sorbete-de-limon.png","type":"image\/png"}],"twitter_card":"summary_large_image","schema":{"@context":"https:\/\/schema.org","@graph":[{"@type":"WebPage","@id":"https:\/\/bodevici.com\/es\/producto\/sorbete-de-limon","url":"https:\/\/bodevici.com\/es\/producto\/sorbete-de-limon","name":"Sorbete de lim\u00f3n - Bodevici","isPartOf":{"@id":"https:\/\/bodevici.com\/#website"},"primaryImageOfPage":{"@id":"https:\/\/bodevici.com\/es\/producto\/sorbete-de-limon#primaryimage"},"image":{"@id":"https:\/\/bodevici.com\/es\/producto\/sorbete-de-limon#primaryimage"},"thumbnailUrl":"https:\/\/bodevici.com\/wp-content\/uploads\/2020\/10\/sorbete-de-limon.png","datePublished":"2020-10-01T14:43:00+00:00","dateModified":"2021-02-12T09:51:41+00:00","breadcrumb":{"@id":"https:\/\/bodevici.com\/es\/producto\/sorbete-de-limon#breadcrumb"},"inLanguage":"es","potentialAction":[{"@type":"ReadAction","target":["https:\/\/bodevici.com\/es\/producto\/sorbete-de-limon"]}]},{"@type":"ImageObject","inLanguage":"es","@id":"https:\/\/bodevici.com\/es\/producto\/sorbete-de-limon#primaryimage","url":"https:\/\/bodevici.com\/wp-content\/uploads\/2020\/10\/sorbete-de-limon.png","contentUrl":"https:\/\/bodevici.com\/wp-content\/uploads\/2020\/10\/sorbete-de-limon.png","width":800,"height":800},{"@type":"BreadcrumbList","@id":"https:\/\/bodevici.com\/es\/producto\/sorbete-de-limon#breadcrumb","itemListElement":[{"@type":"ListItem","position":1,"name":"Inici","item":"https:\/\/bodevici.com\/es"},{"@type":"ListItem","position":2,"name":"Botiga","item":"https:\/\/bodevici.com\/?page_id=74547"},{"@type":"ListItem","position":3,"name":"Sorbete de lim\u00f3n"}]},{"@type":"WebSite","@id":"https:\/\/bodevici.com\/#website","url":"https:\/\/bodevici.com\/","name":"Bodevici","description":"Somos la 1\u00aa heladeria Zero Waste de Europa","potentialAction":[{"@type":"SearchAction","target":{"@type":"EntryPoint","urlTemplate":"https:\/\/bodevici.com\/?s={search_term_string}"},"query-input":{"@type":"PropertyValueSpecification","valueRequired":true,"valueName":"search_term_string"}}],"inLanguage":"es"}]}},"_links":{"self":[{"href":"https:\/\/bodevici.com\/es\/wp-json\/wp\/v2\/product\/556","targetHints":{"allow":["GET"]}}],"collection":[{"href":"https:\/\/bodevici.com\/es\/wp-json\/wp\/v2\/product"}],"about":[{"href":"https:\/\/bodevici.com\/es\/wp-json\/wp\/v2\/types\/product"}],"wp:featuredmedia":[{"embeddable":true,"href":"https:\/\/bodevici.com\/es\/wp-json\/wp\/v2\/media\/672"}],"wp:attachment":[{"href":"https:\/\/bodevici.com\/es\/wp-json\/wp\/v2\/media?parent=556"}],"wp:term":[{"taxonomy":"product_brand","embeddable":true,"href":"https:\/\/bodevici.com\/es\/wp-json\/wp\/v2\/product_brand?post=556"},{"taxonomy":"product_cat","embeddable":true,"href":"https:\/\/bodevici.com\/es\/wp-json\/wp\/v2\/product_cat?post=556"},{"taxonomy":"product_tag","embeddable":true,"href":"https:\/\/bodevici.com\/es\/wp-json\/wp\/v2\/product_tag?post=556"}],"curies":[{"name":"wp","href":"https:\/\/api.w.org\/{rel}","templated":true}]}}