{"id":554,"date":"2020-10-01T14:41:13","date_gmt":"2020-10-01T14:41:13","guid":{"rendered":"http:\/\/staging1.bodevici.es\/?post_type=product&#038;p=554"},"modified":"2021-02-12T09:52:13","modified_gmt":"2021-02-12T09:52:13","slug":"platano-con-chocolate","status":"publish","type":"product","link":"https:\/\/bodevici.com\/es\/producto\/platano-con-chocolate","title":{"rendered":"Pl\u00e1tano con chocolate"},"content":{"rendered":"","protected":false},"excerpt":{"rendered":"<p>Con pl\u00e1tanos de Canarias, como no pod\u00eda ser de otro modo, preparamos este cremoso helado al que hemos a\u00f1adido generosamente trocitos de chocolate negro. Tiene el sabor que parece a simple vista\u2026 A nosotros nos resulta de lo m\u00e1s irresistible. <\/p>\n","protected":false},"featured_media":669,"template":"","meta":{"_genesis_hide_title":false,"_genesis_hide_breadcrumbs":false,"_genesis_hide_singular_image":false,"_genesis_hide_footer_widgets":false,"_genesis_custom_body_class":"","_genesis_custom_post_class":"","_genesis_layout":""},"product_brand":[],"product_cat":[17],"product_tag":[],"class_list":{"0":"post-554","1":"product","2":"type-product","3":"status-publish","4":"has-post-thumbnail","6":"product_cat-helados","7":"entry","9":"first","10":"instock","11":"shipping-taxable","12":"product-type-simple"},"yoast_head":"<!-- This site is optimized with the Yoast SEO plugin v25.4 - https:\/\/yoast.com\/wordpress\/plugins\/seo\/ -->\n<title>Pl\u00e1tano con chocolate - Bodevici<\/title>\n<meta name=\"robots\" content=\"index, follow, max-snippet:-1, max-image-preview:large, max-video-preview:-1\" \/>\n<link rel=\"canonical\" href=\"https:\/\/bodevici.com\/es\/producto\/platano-con-chocolate\" \/>\n<meta property=\"og:locale\" content=\"es_ES\" \/>\n<meta property=\"og:type\" content=\"article\" \/>\n<meta property=\"og:title\" content=\"Pl\u00e1tano con chocolate - Bodevici\" \/>\n<meta property=\"og:description\" content=\"Con pl\u00e1tanos de Canarias, como no pod\u00eda ser de otro modo, preparamos este cremoso helado al que hemos a\u00f1adido generosamente trocitos de chocolate negro. Tiene el sabor que parece a simple vista\u2026 A nosotros nos resulta de lo m\u00e1s irresistible.\" \/>\n<meta property=\"og:url\" content=\"https:\/\/bodevici.com\/es\/producto\/platano-con-chocolate\" \/>\n<meta property=\"og:site_name\" content=\"Bodevici\" \/>\n<meta property=\"article:modified_time\" content=\"2021-02-12T09:52:13+00:00\" \/>\n<meta property=\"og:image\" content=\"https:\/\/bodevici.com\/wp-content\/uploads\/2020\/10\/platano-con-chocolate.png\" \/>\n\t<meta property=\"og:image:width\" content=\"800\" \/>\n\t<meta property=\"og:image:height\" content=\"800\" \/>\n\t<meta property=\"og:image:type\" content=\"image\/png\" \/>\n<meta name=\"twitter:card\" content=\"summary_large_image\" \/>\n<script type=\"application\/ld+json\" class=\"yoast-schema-graph\">{\"@context\":\"https:\/\/schema.org\",\"@graph\":[{\"@type\":\"WebPage\",\"@id\":\"https:\/\/bodevici.com\/es\/producto\/platano-con-chocolate\",\"url\":\"https:\/\/bodevici.com\/es\/producto\/platano-con-chocolate\",\"name\":\"Pl\u00e1tano con chocolate - Bodevici\",\"isPartOf\":{\"@id\":\"https:\/\/bodevici.com\/#website\"},\"primaryImageOfPage\":{\"@id\":\"https:\/\/bodevici.com\/es\/producto\/platano-con-chocolate#primaryimage\"},\"image\":{\"@id\":\"https:\/\/bodevici.com\/es\/producto\/platano-con-chocolate#primaryimage\"},\"thumbnailUrl\":\"https:\/\/bodevici.com\/wp-content\/uploads\/2020\/10\/platano-con-chocolate.png\",\"datePublished\":\"2020-10-01T14:41:13+00:00\",\"dateModified\":\"2021-02-12T09:52:13+00:00\",\"breadcrumb\":{\"@id\":\"https:\/\/bodevici.com\/es\/producto\/platano-con-chocolate#breadcrumb\"},\"inLanguage\":\"es\",\"potentialAction\":[{\"@type\":\"ReadAction\",\"target\":[\"https:\/\/bodevici.com\/es\/producto\/platano-con-chocolate\"]}]},{\"@type\":\"ImageObject\",\"inLanguage\":\"es\",\"@id\":\"https:\/\/bodevici.com\/es\/producto\/platano-con-chocolate#primaryimage\",\"url\":\"https:\/\/bodevici.com\/wp-content\/uploads\/2020\/10\/platano-con-chocolate.png\",\"contentUrl\":\"https:\/\/bodevici.com\/wp-content\/uploads\/2020\/10\/platano-con-chocolate.png\",\"width\":800,\"height\":800},{\"@type\":\"BreadcrumbList\",\"@id\":\"https:\/\/bodevici.com\/es\/producto\/platano-con-chocolate#breadcrumb\",\"itemListElement\":[{\"@type\":\"ListItem\",\"position\":1,\"name\":\"Inici\",\"item\":\"https:\/\/bodevici.com\/es\"},{\"@type\":\"ListItem\",\"position\":2,\"name\":\"Botiga\",\"item\":\"https:\/\/bodevici.com\/?page_id=74547\"},{\"@type\":\"ListItem\",\"position\":3,\"name\":\"Pl\u00e1tano con chocolate\"}]},{\"@type\":\"WebSite\",\"@id\":\"https:\/\/bodevici.com\/#website\",\"url\":\"https:\/\/bodevici.com\/\",\"name\":\"Bodevici\",\"description\":\"Somos la 1\u00aa heladeria Zero Waste de Europa\",\"potentialAction\":[{\"@type\":\"SearchAction\",\"target\":{\"@type\":\"EntryPoint\",\"urlTemplate\":\"https:\/\/bodevici.com\/?s={search_term_string}\"},\"query-input\":{\"@type\":\"PropertyValueSpecification\",\"valueRequired\":true,\"valueName\":\"search_term_string\"}}],\"inLanguage\":\"es\"}]}<\/script>\n<!-- \/ Yoast SEO plugin. -->","yoast_head_json":{"title":"Pl\u00e1tano con chocolate - Bodevici","robots":{"index":"index","follow":"follow","max-snippet":"max-snippet:-1","max-image-preview":"max-image-preview:large","max-video-preview":"max-video-preview:-1"},"canonical":"https:\/\/bodevici.com\/es\/producto\/platano-con-chocolate","og_locale":"es_ES","og_type":"article","og_title":"Pl\u00e1tano con chocolate - Bodevici","og_description":"Con pl\u00e1tanos de Canarias, como no pod\u00eda ser de otro modo, preparamos este cremoso helado al que hemos a\u00f1adido generosamente trocitos de chocolate negro. Tiene el sabor que parece a simple vista\u2026 A nosotros nos resulta de lo m\u00e1s irresistible.","og_url":"https:\/\/bodevici.com\/es\/producto\/platano-con-chocolate","og_site_name":"Bodevici","article_modified_time":"2021-02-12T09:52:13+00:00","og_image":[{"width":800,"height":800,"url":"https:\/\/bodevici.com\/wp-content\/uploads\/2020\/10\/platano-con-chocolate.png","type":"image\/png"}],"twitter_card":"summary_large_image","schema":{"@context":"https:\/\/schema.org","@graph":[{"@type":"WebPage","@id":"https:\/\/bodevici.com\/es\/producto\/platano-con-chocolate","url":"https:\/\/bodevici.com\/es\/producto\/platano-con-chocolate","name":"Pl\u00e1tano con chocolate - Bodevici","isPartOf":{"@id":"https:\/\/bodevici.com\/#website"},"primaryImageOfPage":{"@id":"https:\/\/bodevici.com\/es\/producto\/platano-con-chocolate#primaryimage"},"image":{"@id":"https:\/\/bodevici.com\/es\/producto\/platano-con-chocolate#primaryimage"},"thumbnailUrl":"https:\/\/bodevici.com\/wp-content\/uploads\/2020\/10\/platano-con-chocolate.png","datePublished":"2020-10-01T14:41:13+00:00","dateModified":"2021-02-12T09:52:13+00:00","breadcrumb":{"@id":"https:\/\/bodevici.com\/es\/producto\/platano-con-chocolate#breadcrumb"},"inLanguage":"es","potentialAction":[{"@type":"ReadAction","target":["https:\/\/bodevici.com\/es\/producto\/platano-con-chocolate"]}]},{"@type":"ImageObject","inLanguage":"es","@id":"https:\/\/bodevici.com\/es\/producto\/platano-con-chocolate#primaryimage","url":"https:\/\/bodevici.com\/wp-content\/uploads\/2020\/10\/platano-con-chocolate.png","contentUrl":"https:\/\/bodevici.com\/wp-content\/uploads\/2020\/10\/platano-con-chocolate.png","width":800,"height":800},{"@type":"BreadcrumbList","@id":"https:\/\/bodevici.com\/es\/producto\/platano-con-chocolate#breadcrumb","itemListElement":[{"@type":"ListItem","position":1,"name":"Inici","item":"https:\/\/bodevici.com\/es"},{"@type":"ListItem","position":2,"name":"Botiga","item":"https:\/\/bodevici.com\/?page_id=74547"},{"@type":"ListItem","position":3,"name":"Pl\u00e1tano con chocolate"}]},{"@type":"WebSite","@id":"https:\/\/bodevici.com\/#website","url":"https:\/\/bodevici.com\/","name":"Bodevici","description":"Somos la 1\u00aa heladeria Zero Waste de Europa","potentialAction":[{"@type":"SearchAction","target":{"@type":"EntryPoint","urlTemplate":"https:\/\/bodevici.com\/?s={search_term_string}"},"query-input":{"@type":"PropertyValueSpecification","valueRequired":true,"valueName":"search_term_string"}}],"inLanguage":"es"}]}},"_links":{"self":[{"href":"https:\/\/bodevici.com\/es\/wp-json\/wp\/v2\/product\/554","targetHints":{"allow":["GET"]}}],"collection":[{"href":"https:\/\/bodevici.com\/es\/wp-json\/wp\/v2\/product"}],"about":[{"href":"https:\/\/bodevici.com\/es\/wp-json\/wp\/v2\/types\/product"}],"wp:featuredmedia":[{"embeddable":true,"href":"https:\/\/bodevici.com\/es\/wp-json\/wp\/v2\/media\/669"}],"wp:attachment":[{"href":"https:\/\/bodevici.com\/es\/wp-json\/wp\/v2\/media?parent=554"}],"wp:term":[{"taxonomy":"product_brand","embeddable":true,"href":"https:\/\/bodevici.com\/es\/wp-json\/wp\/v2\/product_brand?post=554"},{"taxonomy":"product_cat","embeddable":true,"href":"https:\/\/bodevici.com\/es\/wp-json\/wp\/v2\/product_cat?post=554"},{"taxonomy":"product_tag","embeddable":true,"href":"https:\/\/bodevici.com\/es\/wp-json\/wp\/v2\/product_tag?post=554"}],"curies":[{"name":"wp","href":"https:\/\/api.w.org\/{rel}","templated":true}]}}