{"id":543,"date":"2020-10-01T14:31:41","date_gmt":"2020-10-01T14:31:41","guid":{"rendered":"http:\/\/staging1.bodevici.es\/?post_type=product&#038;p=543"},"modified":"2021-05-27T18:18:46","modified_gmt":"2021-05-27T18:18:46","slug":"chocolate-con-leche","status":"publish","type":"product","link":"https:\/\/bodevici.com\/es\/producto\/chocolate-con-leche","title":{"rendered":"Chocolate con leche"},"content":{"rendered":"","protected":false},"excerpt":{"rendered":"<p>Intenso, con gusto al chocolate con leche que todos podemos tener en mente. Lo elaboramos con una cobertura de chocolate negro al que a\u00f1adimos cacao de Comercio Justo para intensificar ese sabor.  Nos encanta esta combinaci\u00f3n por esa mezcla de sabor potente a chocolate y la suavidad de la cobertura. As\u00ed logramos esa cremosidad que lo convierte en uno de nuestros sabores favoritos. <\/p>\n","protected":false},"featured_media":656,"template":"","meta":{"_genesis_hide_title":false,"_genesis_hide_breadcrumbs":false,"_genesis_hide_singular_image":false,"_genesis_hide_footer_widgets":false,"_genesis_custom_body_class":"","_genesis_custom_post_class":"","_genesis_layout":""},"product_brand":[],"product_cat":[17],"product_tag":[],"class_list":{"0":"post-543","1":"product","2":"type-product","3":"status-publish","4":"has-post-thumbnail","6":"product_cat-helados","7":"entry","9":"first","10":"instock","11":"shipping-taxable","12":"product-type-simple"},"yoast_head":"<!-- This site is optimized with the Yoast SEO plugin v25.4 - https:\/\/yoast.com\/wordpress\/plugins\/seo\/ -->\n<title>Chocolate con leche - Bodevici<\/title>\n<meta name=\"robots\" content=\"index, follow, max-snippet:-1, max-image-preview:large, max-video-preview:-1\" \/>\n<link rel=\"canonical\" href=\"https:\/\/bodevici.com\/es\/producto\/chocolate-con-leche\" \/>\n<meta property=\"og:locale\" content=\"es_ES\" \/>\n<meta property=\"og:type\" content=\"article\" \/>\n<meta property=\"og:title\" content=\"Chocolate con leche - Bodevici\" \/>\n<meta property=\"og:description\" content=\"Intenso, con gusto al chocolate con leche que todos podemos tener en mente. Lo elaboramos con una cobertura de chocolate negro al que a\u00f1adimos cacao de Comercio Justo para intensificar ese sabor. Nos encanta esta combinaci\u00f3n por esa mezcla de sabor potente a chocolate y la suavidad de la cobertura. As\u00ed logramos esa cremosidad que lo convierte en uno de nuestros sabores favoritos.\" \/>\n<meta property=\"og:url\" content=\"https:\/\/bodevici.com\/es\/producto\/chocolate-con-leche\" \/>\n<meta property=\"og:site_name\" content=\"Bodevici\" \/>\n<meta property=\"article:modified_time\" content=\"2021-05-27T18:18:46+00:00\" \/>\n<meta property=\"og:image\" content=\"https:\/\/bodevici.com\/wp-content\/uploads\/2020\/10\/chocolate-con-leche.png\" \/>\n\t<meta property=\"og:image:width\" content=\"800\" \/>\n\t<meta property=\"og:image:height\" content=\"800\" \/>\n\t<meta property=\"og:image:type\" content=\"image\/png\" \/>\n<meta name=\"twitter:card\" content=\"summary_large_image\" \/>\n<script type=\"application\/ld+json\" class=\"yoast-schema-graph\">{\"@context\":\"https:\/\/schema.org\",\"@graph\":[{\"@type\":\"WebPage\",\"@id\":\"https:\/\/bodevici.com\/es\/producto\/chocolate-con-leche\",\"url\":\"https:\/\/bodevici.com\/es\/producto\/chocolate-con-leche\",\"name\":\"Chocolate con leche - Bodevici\",\"isPartOf\":{\"@id\":\"https:\/\/bodevici.com\/#website\"},\"primaryImageOfPage\":{\"@id\":\"https:\/\/bodevici.com\/es\/producto\/chocolate-con-leche#primaryimage\"},\"image\":{\"@id\":\"https:\/\/bodevici.com\/es\/producto\/chocolate-con-leche#primaryimage\"},\"thumbnailUrl\":\"https:\/\/bodevici.com\/wp-content\/uploads\/2020\/10\/chocolate-con-leche.png\",\"datePublished\":\"2020-10-01T14:31:41+00:00\",\"dateModified\":\"2021-05-27T18:18:46+00:00\",\"breadcrumb\":{\"@id\":\"https:\/\/bodevici.com\/es\/producto\/chocolate-con-leche#breadcrumb\"},\"inLanguage\":\"es\",\"potentialAction\":[{\"@type\":\"ReadAction\",\"target\":[\"https:\/\/bodevici.com\/es\/producto\/chocolate-con-leche\"]}]},{\"@type\":\"ImageObject\",\"inLanguage\":\"es\",\"@id\":\"https:\/\/bodevici.com\/es\/producto\/chocolate-con-leche#primaryimage\",\"url\":\"https:\/\/bodevici.com\/wp-content\/uploads\/2020\/10\/chocolate-con-leche.png\",\"contentUrl\":\"https:\/\/bodevici.com\/wp-content\/uploads\/2020\/10\/chocolate-con-leche.png\",\"width\":800,\"height\":800},{\"@type\":\"BreadcrumbList\",\"@id\":\"https:\/\/bodevici.com\/es\/producto\/chocolate-con-leche#breadcrumb\",\"itemListElement\":[{\"@type\":\"ListItem\",\"position\":1,\"name\":\"Inici\",\"item\":\"https:\/\/bodevici.com\/es\"},{\"@type\":\"ListItem\",\"position\":2,\"name\":\"Botiga\",\"item\":\"https:\/\/bodevici.com\/?page_id=74547\"},{\"@type\":\"ListItem\",\"position\":3,\"name\":\"Chocolate con leche\"}]},{\"@type\":\"WebSite\",\"@id\":\"https:\/\/bodevici.com\/#website\",\"url\":\"https:\/\/bodevici.com\/\",\"name\":\"Bodevici\",\"description\":\"Somos la 1\u00aa heladeria Zero Waste de Europa\",\"potentialAction\":[{\"@type\":\"SearchAction\",\"target\":{\"@type\":\"EntryPoint\",\"urlTemplate\":\"https:\/\/bodevici.com\/?s={search_term_string}\"},\"query-input\":{\"@type\":\"PropertyValueSpecification\",\"valueRequired\":true,\"valueName\":\"search_term_string\"}}],\"inLanguage\":\"es\"}]}<\/script>\n<!-- \/ Yoast SEO plugin. -->","yoast_head_json":{"title":"Chocolate con leche - Bodevici","robots":{"index":"index","follow":"follow","max-snippet":"max-snippet:-1","max-image-preview":"max-image-preview:large","max-video-preview":"max-video-preview:-1"},"canonical":"https:\/\/bodevici.com\/es\/producto\/chocolate-con-leche","og_locale":"es_ES","og_type":"article","og_title":"Chocolate con leche - Bodevici","og_description":"Intenso, con gusto al chocolate con leche que todos podemos tener en mente. Lo elaboramos con una cobertura de chocolate negro al que a\u00f1adimos cacao de Comercio Justo para intensificar ese sabor. Nos encanta esta combinaci\u00f3n por esa mezcla de sabor potente a chocolate y la suavidad de la cobertura. As\u00ed logramos esa cremosidad que lo convierte en uno de nuestros sabores favoritos.","og_url":"https:\/\/bodevici.com\/es\/producto\/chocolate-con-leche","og_site_name":"Bodevici","article_modified_time":"2021-05-27T18:18:46+00:00","og_image":[{"width":800,"height":800,"url":"https:\/\/bodevici.com\/wp-content\/uploads\/2020\/10\/chocolate-con-leche.png","type":"image\/png"}],"twitter_card":"summary_large_image","schema":{"@context":"https:\/\/schema.org","@graph":[{"@type":"WebPage","@id":"https:\/\/bodevici.com\/es\/producto\/chocolate-con-leche","url":"https:\/\/bodevici.com\/es\/producto\/chocolate-con-leche","name":"Chocolate con leche - Bodevici","isPartOf":{"@id":"https:\/\/bodevici.com\/#website"},"primaryImageOfPage":{"@id":"https:\/\/bodevici.com\/es\/producto\/chocolate-con-leche#primaryimage"},"image":{"@id":"https:\/\/bodevici.com\/es\/producto\/chocolate-con-leche#primaryimage"},"thumbnailUrl":"https:\/\/bodevici.com\/wp-content\/uploads\/2020\/10\/chocolate-con-leche.png","datePublished":"2020-10-01T14:31:41+00:00","dateModified":"2021-05-27T18:18:46+00:00","breadcrumb":{"@id":"https:\/\/bodevici.com\/es\/producto\/chocolate-con-leche#breadcrumb"},"inLanguage":"es","potentialAction":[{"@type":"ReadAction","target":["https:\/\/bodevici.com\/es\/producto\/chocolate-con-leche"]}]},{"@type":"ImageObject","inLanguage":"es","@id":"https:\/\/bodevici.com\/es\/producto\/chocolate-con-leche#primaryimage","url":"https:\/\/bodevici.com\/wp-content\/uploads\/2020\/10\/chocolate-con-leche.png","contentUrl":"https:\/\/bodevici.com\/wp-content\/uploads\/2020\/10\/chocolate-con-leche.png","width":800,"height":800},{"@type":"BreadcrumbList","@id":"https:\/\/bodevici.com\/es\/producto\/chocolate-con-leche#breadcrumb","itemListElement":[{"@type":"ListItem","position":1,"name":"Inici","item":"https:\/\/bodevici.com\/es"},{"@type":"ListItem","position":2,"name":"Botiga","item":"https:\/\/bodevici.com\/?page_id=74547"},{"@type":"ListItem","position":3,"name":"Chocolate con leche"}]},{"@type":"WebSite","@id":"https:\/\/bodevici.com\/#website","url":"https:\/\/bodevici.com\/","name":"Bodevici","description":"Somos la 1\u00aa heladeria Zero Waste de Europa","potentialAction":[{"@type":"SearchAction","target":{"@type":"EntryPoint","urlTemplate":"https:\/\/bodevici.com\/?s={search_term_string}"},"query-input":{"@type":"PropertyValueSpecification","valueRequired":true,"valueName":"search_term_string"}}],"inLanguage":"es"}]}},"_links":{"self":[{"href":"https:\/\/bodevici.com\/es\/wp-json\/wp\/v2\/product\/543","targetHints":{"allow":["GET"]}}],"collection":[{"href":"https:\/\/bodevici.com\/es\/wp-json\/wp\/v2\/product"}],"about":[{"href":"https:\/\/bodevici.com\/es\/wp-json\/wp\/v2\/types\/product"}],"wp:featuredmedia":[{"embeddable":true,"href":"https:\/\/bodevici.com\/es\/wp-json\/wp\/v2\/media\/656"}],"wp:attachment":[{"href":"https:\/\/bodevici.com\/es\/wp-json\/wp\/v2\/media?parent=543"}],"wp:term":[{"taxonomy":"product_brand","embeddable":true,"href":"https:\/\/bodevici.com\/es\/wp-json\/wp\/v2\/product_brand?post=543"},{"taxonomy":"product_cat","embeddable":true,"href":"https:\/\/bodevici.com\/es\/wp-json\/wp\/v2\/product_cat?post=543"},{"taxonomy":"product_tag","embeddable":true,"href":"https:\/\/bodevici.com\/es\/wp-json\/wp\/v2\/product_tag?post=543"}],"curies":[{"name":"wp","href":"https:\/\/api.w.org\/{rel}","templated":true}]}}