{"id":1112,"date":"2021-01-18T10:56:08","date_gmt":"2021-01-18T10:56:08","guid":{"rendered":"http:\/\/staging1.bodevici.es\/?post_type=product&#038;p=1112"},"modified":"2021-05-27T18:19:47","modified_gmt":"2021-05-27T18:19:47","slug":"vainilla-pura","status":"publish","type":"product","link":"https:\/\/bodevici.com\/es\/producto\/vainilla-pura","title":{"rendered":"Vainilla pura"},"content":{"rendered":"","protected":false},"excerpt":{"rendered":"<p>Si no es pura no tiene cabida entre nuestros sabores. Este es el helado para los vocacionales de la vainilla natural. Lo tenemos con dos variedades: Madagascar y Tah\u00edti. Est\u00e1 muy logrado, con un gusto fin\u00edsimo, al que no hemos podido resistirnos en a\u00f1adirle un toque de yema de huevo que le da color y m\u00e1s cremosidad, si es que es posible\u2026<\/p>\n","protected":false},"featured_media":1113,"template":"","meta":{"_genesis_hide_title":false,"_genesis_hide_breadcrumbs":false,"_genesis_hide_singular_image":false,"_genesis_hide_footer_widgets":false,"_genesis_custom_body_class":"","_genesis_custom_post_class":"","_genesis_layout":""},"product_brand":[],"product_cat":[17],"product_tag":[],"class_list":{"0":"post-1112","1":"product","2":"type-product","3":"status-publish","4":"has-post-thumbnail","6":"product_cat-helados","7":"entry","9":"first","10":"instock","11":"shipping-taxable","12":"product-type-simple"},"yoast_head":"<!-- This site is optimized with the Yoast SEO plugin v25.4 - https:\/\/yoast.com\/wordpress\/plugins\/seo\/ -->\n<title>Vainilla pura - Bodevici<\/title>\n<meta name=\"robots\" content=\"index, follow, max-snippet:-1, max-image-preview:large, max-video-preview:-1\" \/>\n<link rel=\"canonical\" href=\"https:\/\/bodevici.com\/es\/producto\/vainilla-pura\" \/>\n<meta property=\"og:locale\" content=\"es_ES\" \/>\n<meta property=\"og:type\" content=\"article\" \/>\n<meta property=\"og:title\" content=\"Vainilla pura - Bodevici\" \/>\n<meta property=\"og:description\" content=\"Si no es pura no tiene cabida entre nuestros sabores. Este es el helado para los vocacionales de la vainilla natural. Lo tenemos con dos variedades: Madagascar y Tah\u00edti. Est\u00e1 muy logrado, con un gusto fin\u00edsimo, al que no hemos podido resistirnos en a\u00f1adirle un toque de yema de huevo que le da color y m\u00e1s cremosidad, si es que es posible\u2026\" \/>\n<meta property=\"og:url\" content=\"https:\/\/bodevici.com\/es\/producto\/vainilla-pura\" \/>\n<meta property=\"og:site_name\" content=\"Bodevici\" \/>\n<meta property=\"article:modified_time\" content=\"2021-05-27T18:19:47+00:00\" \/>\n<meta property=\"og:image\" content=\"https:\/\/bodevici.com\/wp-content\/uploads\/2021\/01\/Vainilla.png\" \/>\n\t<meta property=\"og:image:width\" content=\"800\" \/>\n\t<meta property=\"og:image:height\" content=\"800\" \/>\n\t<meta property=\"og:image:type\" content=\"image\/png\" \/>\n<meta name=\"twitter:card\" content=\"summary_large_image\" \/>\n<script type=\"application\/ld+json\" class=\"yoast-schema-graph\">{\"@context\":\"https:\/\/schema.org\",\"@graph\":[{\"@type\":\"WebPage\",\"@id\":\"https:\/\/bodevici.com\/es\/producto\/vainilla-pura\",\"url\":\"https:\/\/bodevici.com\/es\/producto\/vainilla-pura\",\"name\":\"Vainilla pura - Bodevici\",\"isPartOf\":{\"@id\":\"https:\/\/bodevici.com\/#website\"},\"primaryImageOfPage\":{\"@id\":\"https:\/\/bodevici.com\/es\/producto\/vainilla-pura#primaryimage\"},\"image\":{\"@id\":\"https:\/\/bodevici.com\/es\/producto\/vainilla-pura#primaryimage\"},\"thumbnailUrl\":\"https:\/\/bodevici.com\/wp-content\/uploads\/2021\/01\/Vainilla.png\",\"datePublished\":\"2021-01-18T10:56:08+00:00\",\"dateModified\":\"2021-05-27T18:19:47+00:00\",\"breadcrumb\":{\"@id\":\"https:\/\/bodevici.com\/es\/producto\/vainilla-pura#breadcrumb\"},\"inLanguage\":\"es\",\"potentialAction\":[{\"@type\":\"ReadAction\",\"target\":[\"https:\/\/bodevici.com\/es\/producto\/vainilla-pura\"]}]},{\"@type\":\"ImageObject\",\"inLanguage\":\"es\",\"@id\":\"https:\/\/bodevici.com\/es\/producto\/vainilla-pura#primaryimage\",\"url\":\"https:\/\/bodevici.com\/wp-content\/uploads\/2021\/01\/Vainilla.png\",\"contentUrl\":\"https:\/\/bodevici.com\/wp-content\/uploads\/2021\/01\/Vainilla.png\",\"width\":800,\"height\":800},{\"@type\":\"BreadcrumbList\",\"@id\":\"https:\/\/bodevici.com\/es\/producto\/vainilla-pura#breadcrumb\",\"itemListElement\":[{\"@type\":\"ListItem\",\"position\":1,\"name\":\"Inici\",\"item\":\"https:\/\/bodevici.com\/es\"},{\"@type\":\"ListItem\",\"position\":2,\"name\":\"Botiga\",\"item\":\"https:\/\/bodevici.com\/?page_id=74547\"},{\"@type\":\"ListItem\",\"position\":3,\"name\":\"Vainilla pura\"}]},{\"@type\":\"WebSite\",\"@id\":\"https:\/\/bodevici.com\/#website\",\"url\":\"https:\/\/bodevici.com\/\",\"name\":\"Bodevici\",\"description\":\"Somos la 1\u00aa heladeria Zero Waste de Europa\",\"potentialAction\":[{\"@type\":\"SearchAction\",\"target\":{\"@type\":\"EntryPoint\",\"urlTemplate\":\"https:\/\/bodevici.com\/?s={search_term_string}\"},\"query-input\":{\"@type\":\"PropertyValueSpecification\",\"valueRequired\":true,\"valueName\":\"search_term_string\"}}],\"inLanguage\":\"es\"}]}<\/script>\n<!-- \/ Yoast SEO plugin. -->","yoast_head_json":{"title":"Vainilla pura - Bodevici","robots":{"index":"index","follow":"follow","max-snippet":"max-snippet:-1","max-image-preview":"max-image-preview:large","max-video-preview":"max-video-preview:-1"},"canonical":"https:\/\/bodevici.com\/es\/producto\/vainilla-pura","og_locale":"es_ES","og_type":"article","og_title":"Vainilla pura - Bodevici","og_description":"Si no es pura no tiene cabida entre nuestros sabores. Este es el helado para los vocacionales de la vainilla natural. Lo tenemos con dos variedades: Madagascar y Tah\u00edti. Est\u00e1 muy logrado, con un gusto fin\u00edsimo, al que no hemos podido resistirnos en a\u00f1adirle un toque de yema de huevo que le da color y m\u00e1s cremosidad, si es que es posible\u2026","og_url":"https:\/\/bodevici.com\/es\/producto\/vainilla-pura","og_site_name":"Bodevici","article_modified_time":"2021-05-27T18:19:47+00:00","og_image":[{"width":800,"height":800,"url":"https:\/\/bodevici.com\/wp-content\/uploads\/2021\/01\/Vainilla.png","type":"image\/png"}],"twitter_card":"summary_large_image","schema":{"@context":"https:\/\/schema.org","@graph":[{"@type":"WebPage","@id":"https:\/\/bodevici.com\/es\/producto\/vainilla-pura","url":"https:\/\/bodevici.com\/es\/producto\/vainilla-pura","name":"Vainilla pura - Bodevici","isPartOf":{"@id":"https:\/\/bodevici.com\/#website"},"primaryImageOfPage":{"@id":"https:\/\/bodevici.com\/es\/producto\/vainilla-pura#primaryimage"},"image":{"@id":"https:\/\/bodevici.com\/es\/producto\/vainilla-pura#primaryimage"},"thumbnailUrl":"https:\/\/bodevici.com\/wp-content\/uploads\/2021\/01\/Vainilla.png","datePublished":"2021-01-18T10:56:08+00:00","dateModified":"2021-05-27T18:19:47+00:00","breadcrumb":{"@id":"https:\/\/bodevici.com\/es\/producto\/vainilla-pura#breadcrumb"},"inLanguage":"es","potentialAction":[{"@type":"ReadAction","target":["https:\/\/bodevici.com\/es\/producto\/vainilla-pura"]}]},{"@type":"ImageObject","inLanguage":"es","@id":"https:\/\/bodevici.com\/es\/producto\/vainilla-pura#primaryimage","url":"https:\/\/bodevici.com\/wp-content\/uploads\/2021\/01\/Vainilla.png","contentUrl":"https:\/\/bodevici.com\/wp-content\/uploads\/2021\/01\/Vainilla.png","width":800,"height":800},{"@type":"BreadcrumbList","@id":"https:\/\/bodevici.com\/es\/producto\/vainilla-pura#breadcrumb","itemListElement":[{"@type":"ListItem","position":1,"name":"Inici","item":"https:\/\/bodevici.com\/es"},{"@type":"ListItem","position":2,"name":"Botiga","item":"https:\/\/bodevici.com\/?page_id=74547"},{"@type":"ListItem","position":3,"name":"Vainilla pura"}]},{"@type":"WebSite","@id":"https:\/\/bodevici.com\/#website","url":"https:\/\/bodevici.com\/","name":"Bodevici","description":"Somos la 1\u00aa heladeria Zero Waste de Europa","potentialAction":[{"@type":"SearchAction","target":{"@type":"EntryPoint","urlTemplate":"https:\/\/bodevici.com\/?s={search_term_string}"},"query-input":{"@type":"PropertyValueSpecification","valueRequired":true,"valueName":"search_term_string"}}],"inLanguage":"es"}]}},"_links":{"self":[{"href":"https:\/\/bodevici.com\/es\/wp-json\/wp\/v2\/product\/1112","targetHints":{"allow":["GET"]}}],"collection":[{"href":"https:\/\/bodevici.com\/es\/wp-json\/wp\/v2\/product"}],"about":[{"href":"https:\/\/bodevici.com\/es\/wp-json\/wp\/v2\/types\/product"}],"wp:featuredmedia":[{"embeddable":true,"href":"https:\/\/bodevici.com\/es\/wp-json\/wp\/v2\/media\/1113"}],"wp:attachment":[{"href":"https:\/\/bodevici.com\/es\/wp-json\/wp\/v2\/media?parent=1112"}],"wp:term":[{"taxonomy":"product_brand","embeddable":true,"href":"https:\/\/bodevici.com\/es\/wp-json\/wp\/v2\/product_brand?post=1112"},{"taxonomy":"product_cat","embeddable":true,"href":"https:\/\/bodevici.com\/es\/wp-json\/wp\/v2\/product_cat?post=1112"},{"taxonomy":"product_tag","embeddable":true,"href":"https:\/\/bodevici.com\/es\/wp-json\/wp\/v2\/product_tag?post=1112"}],"curies":[{"name":"wp","href":"https:\/\/api.w.org\/{rel}","templated":true}]}}