{"id":64,"date":"2020-08-14T16:20:36","date_gmt":"2020-08-14T16:20:36","guid":{"rendered":"http:\/\/staging1.bodevici.es\/?page_id=64"},"modified":"2024-04-09T13:24:10","modified_gmt":"2024-04-09T13:24:10","slug":"donde-estamos","status":"publish","type":"page","link":"https:\/\/bodevici.com\/es\/donde-estamos","title":{"rendered":"D\u00f3nde estamos"},"content":{"rendered":"\n<h2 class=\"wp-block-heading donde-estamos-heading\" id=\"donde-estamos\">D\u00f3nde estamos<\/h2>\n\n\n<style>.kb-row-layout-id_268ca7-ec > .kt-row-column-wrap{align-content:start;}:where(.kb-row-layout-id_268ca7-ec > .kt-row-column-wrap) > .wp-block-kadence-column{justify-content:start;}.kb-row-layout-id_268ca7-ec > .kt-row-column-wrap{column-gap:var(--global-kb-gap-md, 2rem);row-gap:var(--global-kb-gap-md, 2rem);padding-top:var(--global-kb-spacing-sm, 1.5rem);padding-bottom:var(--global-kb-spacing-sm, 1.5rem);}.kb-row-layout-id_268ca7-ec > .kt-row-column-wrap > div:not(.added-for-specificity){grid-column:initial;}.kb-row-layout-id_268ca7-ec > .kt-row-column-wrap{grid-template-columns:repeat(3, minmax(0, 1fr));}.kb-row-layout-id_268ca7-ec > .kt-row-layout-overlay{opacity:0.30;}@media all and (max-width: 1024px){.kb-row-layout-id_268ca7-ec > .kt-row-column-wrap > div:not(.added-for-specificity){grid-column:initial;}}@media all and (max-width: 1024px){.kb-row-layout-id_268ca7-ec > .kt-row-column-wrap{grid-template-columns:repeat(3, minmax(0, 1fr));}}@media all and (max-width: 767px){.kb-row-layout-id_268ca7-ec > .kt-row-column-wrap > div:not(.added-for-specificity){grid-column:initial;}.kb-row-layout-id_268ca7-ec > .kt-row-column-wrap{grid-template-columns:minmax(0, 1fr);}}<\/style><div class=\"kb-row-layout-wrap kb-row-layout-id_268ca7-ec aligncenter wp-block-kadence-rowlayout\"><div class=\"kt-row-column-wrap kt-has-3-columns kt-row-layout-equal kt-tab-layout-inherit kt-mobile-layout-row kt-row-valign-top\">\n<style>.kadence-column_8d529e-90 > .kt-inside-inner-col,.kadence-column_8d529e-90 > .kt-inside-inner-col:before{border-top-left-radius:0px;border-top-right-radius:0px;border-bottom-right-radius:0px;border-bottom-left-radius:0px;}.kadence-column_8d529e-90 > .kt-inside-inner-col{column-gap:var(--global-kb-gap-sm, 1rem);}.kadence-column_8d529e-90 > .kt-inside-inner-col{flex-direction:column;}.kadence-column_8d529e-90 > .kt-inside-inner-col > .aligncenter{width:100%;}.kadence-column_8d529e-90 > .kt-inside-inner-col:before{opacity:0.3;}.kadence-column_8d529e-90{position:relative;}@media all and (max-width: 1024px){.kadence-column_8d529e-90 > .kt-inside-inner-col{flex-direction:column;justify-content:center;}}@media all and (max-width: 767px){.kadence-column_8d529e-90 > .kt-inside-inner-col{flex-direction:column;justify-content:center;}}<\/style>\n<div class=\"wp-block-kadence-column kadence-column_8d529e-90 inner-column-1\"><div class=\"kt-inside-inner-col\"><div class=\"wp-block-image iconos-done\">\n<figure class=\"alignleft size-full\"><img decoding=\"async\" src=\"https:\/\/bodevici.com\/wp-content\/uploads\/2021\/02\/Donde-Estamos-07.png\" alt=\"\" class=\"wp-image-1136\"\/><\/figure><\/div>\n\n<style>.wp-block-kadence-spacer.kt-block-spacer-_8da345-17 .kt-block-spacer{height:6px;}.wp-block-kadence-spacer.kt-block-spacer-_8da345-17 .kt-divider{border-top-width:1px;height:1px;border-top-color:#ece3d6;width:80%;border-top-style:solid;}<\/style>\n<div class=\"wp-block-kadence-spacer aligncenter kt-block-spacer-_8da345-17\"><div class=\"kt-block-spacer kt-block-spacer-halign-center\"><hr class=\"kt-divider\"\/><\/div><\/div>\n\n\n\n<p class=\"has-text-align-left direccion-heladerias\"><strong>Bodevici Barcelona<\/strong><br>c\/ Torrijos 21, Barcelona<\/p>\n\n\n<div class=\"wp-block-image\">\n<figure class=\"alignleft size-full is-resized\"><a href=\"https:\/\/goo.gl\/maps\/mV1PrNtoNrtiafNY9\"><img loading=\"lazy\" decoding=\"async\" width=\"197\" height=\"51\" src=\"https:\/\/bodevici.com\/wp-content\/uploads\/2021\/01\/Ver-Mapa.png\" alt=\"\" class=\"wp-image-1142\" style=\"width:193px;height:49px\"\/><\/a><\/figure><\/div>\n\n<style>.wp-block-kadence-spacer.kt-block-spacer-_4fd495-c3 .kt-block-spacer{height:6px;}.wp-block-kadence-spacer.kt-block-spacer-_4fd495-c3 .kt-divider{border-top-width:1px;height:1px;border-top-color:#ece3d6;width:80%;border-top-style:solid;}<\/style>\n<div class=\"wp-block-kadence-spacer aligncenter kt-block-spacer-_4fd495-c3\"><div class=\"kt-block-spacer kt-block-spacer-halign-center\"><hr class=\"kt-divider\"\/><\/div><\/div>\n\n\n\n<p class=\"direccion-heladerias\"><\/p>\n\n\n<style>.wp-block-kadence-spacer.kt-block-spacer-_afefb8-2e .kt-block-spacer{height:6px;}.wp-block-kadence-spacer.kt-block-spacer-_afefb8-2e .kt-divider{border-top-width:1px;height:1px;border-top-color:#ece3d6;width:80%;border-top-style:solid;}<\/style>\n<div class=\"wp-block-kadence-spacer aligncenter kt-block-spacer-_afefb8-2e\"><div class=\"kt-block-spacer kt-block-spacer-halign-center\"><hr class=\"kt-divider\"\/><\/div><\/div>\n\n\n\n<p class=\"direccion-heladerias\"><strong><strong>C\u00f3rner Bodevici a Nuda Market<\/strong><br><\/strong>c\/ Provid\u00e8ncia 64, Barcelona<\/p>\n\n\n<div class=\"wp-block-image\">\n<figure class=\"alignleft size-full is-resized\"><a href=\"https:\/\/goo.gl\/maps\/LwgbNM87oVKskrjV9\"><img loading=\"lazy\" decoding=\"async\" width=\"197\" height=\"51\" src=\"https:\/\/bodevici.com\/wp-content\/uploads\/2021\/01\/Ver-Mapa.png\" alt=\"\" class=\"wp-image-1142\" style=\"width:193px;height:49px\"\/><\/a><\/figure><\/div><\/div><\/div>\n\n\n<style>.kadence-column_5fa9dd-f1 > .kt-inside-inner-col,.kadence-column_5fa9dd-f1 > .kt-inside-inner-col:before{border-top-left-radius:0px;border-top-right-radius:0px;border-bottom-right-radius:0px;border-bottom-left-radius:0px;}.kadence-column_5fa9dd-f1 > .kt-inside-inner-col{column-gap:var(--global-kb-gap-sm, 1rem);}.kadence-column_5fa9dd-f1 > .kt-inside-inner-col{flex-direction:column;}.kadence-column_5fa9dd-f1 > .kt-inside-inner-col > .aligncenter{width:100%;}.kadence-column_5fa9dd-f1 > .kt-inside-inner-col:before{opacity:0.3;}.kadence-column_5fa9dd-f1{position:relative;}@media all and (max-width: 1024px){.kadence-column_5fa9dd-f1 > .kt-inside-inner-col{flex-direction:column;justify-content:center;}}@media all and (max-width: 767px){.kadence-column_5fa9dd-f1 > .kt-inside-inner-col{flex-direction:column;justify-content:center;}}<\/style>\n<div class=\"wp-block-kadence-column kadence-column_5fa9dd-f1 inner-column-2\"><div class=\"kt-inside-inner-col\"><style>.wp-block-kadence-spacer.kt-block-spacer-_d8ed44-e5 .kt-block-spacer{height:6px;}.wp-block-kadence-spacer.kt-block-spacer-_d8ed44-e5 .kt-divider{border-top-width:1px;height:1px;border-top-color:#ece3d6;width:80%;border-top-style:solid;}<\/style>\n<div class=\"wp-block-kadence-spacer aligncenter kt-block-spacer-_d8ed44-e5\"><div class=\"kt-block-spacer kt-block-spacer-halign-center\"><hr class=\"kt-divider\"\/><\/div><\/div>\n<\/div><\/div>\n\n\n<style>.kadence-column_78dd74-3c > .kt-inside-inner-col,.kadence-column_78dd74-3c > .kt-inside-inner-col:before{border-top-left-radius:0px;border-top-right-radius:0px;border-bottom-right-radius:0px;border-bottom-left-radius:0px;}.kadence-column_78dd74-3c > .kt-inside-inner-col{column-gap:var(--global-kb-gap-sm, 1rem);}.kadence-column_78dd74-3c > .kt-inside-inner-col{flex-direction:column;}.kadence-column_78dd74-3c > .kt-inside-inner-col > .aligncenter{width:100%;}.kadence-column_78dd74-3c > .kt-inside-inner-col:before{opacity:0.3;}.kadence-column_78dd74-3c{position:relative;}@media all and (max-width: 1024px){.kadence-column_78dd74-3c > .kt-inside-inner-col{flex-direction:column;justify-content:center;}}@media all and (max-width: 767px){.kadence-column_78dd74-3c > .kt-inside-inner-col{flex-direction:column;justify-content:center;}}<\/style>\n<div class=\"wp-block-kadence-column kadence-column_78dd74-3c inner-column-3\"><div class=\"kt-inside-inner-col\"><style>.wp-block-kadence-spacer.kt-block-spacer-_41a12d-60 .kt-block-spacer{height:6px;}.wp-block-kadence-spacer.kt-block-spacer-_41a12d-60 .kt-divider{border-top-width:1px;height:1px;border-top-color:#ece3d6;width:80%;border-top-style:solid;}<\/style>\n<div class=\"wp-block-kadence-spacer aligncenter kt-block-spacer-_41a12d-60\"><div class=\"kt-block-spacer kt-block-spacer-halign-center\"><hr class=\"kt-divider\"\/><\/div><\/div>\n<\/div><\/div>\n\n<\/div><\/div>","protected":false},"excerpt":{"rendered":"<p>D\u00f3nde estamos Bodevici Barcelonac\/ Torrijos 21, Barcelona C\u00f3rner Bodevici a Nuda Marketc\/ Provid\u00e8ncia 64, Barcelona<\/p>\n","protected":false},"author":1,"featured_media":834,"parent":0,"menu_order":0,"comment_status":"closed","ping_status":"closed","template":"","meta":{"_genesis_hide_title":false,"_genesis_hide_breadcrumbs":false,"_genesis_hide_singular_image":false,"_genesis_hide_footer_widgets":false,"_genesis_custom_body_class":"","_genesis_custom_post_class":"","_genesis_layout":"","footnotes":""},"class_list":{"0":"post-64","1":"page","2":"type-page","3":"status-publish","4":"has-post-thumbnail","6":"entry"},"yoast_head":"<!-- This site is optimized with the Yoast SEO plugin v25.4 - https:\/\/yoast.com\/wordpress\/plugins\/seo\/ -->\n<title>D\u00f3nde estamos - Bodevici<\/title>\n<meta name=\"description\" content=\"D\u00f3nde comer helados ecol\u00f3gicos? Decubre heladerias, restaurantes y tiendas donde disfrutar de nuestros helados artesanales.\" \/>\n<meta name=\"robots\" content=\"index, follow, max-snippet:-1, max-image-preview:large, max-video-preview:-1\" \/>\n<link rel=\"canonical\" href=\"https:\/\/bodevici.com\/es\/donde-estamos\" \/>\n<meta property=\"og:locale\" content=\"es_ES\" \/>\n<meta property=\"og:type\" content=\"article\" \/>\n<meta property=\"og:title\" content=\"D\u00f3nde estamos - Bodevici\" \/>\n<meta property=\"og:description\" content=\"D\u00f3nde comer helados ecol\u00f3gicos? Decubre heladerias, restaurantes y tiendas donde disfrutar de nuestros helados artesanales.\" \/>\n<meta property=\"og:url\" content=\"https:\/\/bodevici.com\/es\/donde-estamos\" \/>\n<meta property=\"og:site_name\" content=\"Bodevici\" \/>\n<meta property=\"article:modified_time\" content=\"2024-04-09T13:24:10+00:00\" \/>\n<meta property=\"og:image\" content=\"https:\/\/bodevici.com\/wp-content\/uploads\/2020\/12\/Boton4.png\" \/>\n\t<meta property=\"og:image:width\" content=\"365\" \/>\n\t<meta property=\"og:image:height\" content=\"351\" \/>\n\t<meta property=\"og:image:type\" content=\"image\/png\" \/>\n<meta name=\"twitter:card\" content=\"summary_large_image\" \/>\n<meta name=\"twitter:label1\" content=\"Tiempo de lectura\" \/>\n\t<meta name=\"twitter:data1\" content=\"3 minutos\" \/>\n<script type=\"application\/ld+json\" class=\"yoast-schema-graph\">{\"@context\":\"https:\/\/schema.org\",\"@graph\":[{\"@type\":[\"WebPage\",\"ContactPage\"],\"@id\":\"https:\/\/bodevici.com\/es\/donde-estamos\",\"url\":\"https:\/\/bodevici.com\/es\/donde-estamos\",\"name\":\"D\u00f3nde estamos - Bodevici\",\"isPartOf\":{\"@id\":\"https:\/\/bodevici.com\/#website\"},\"primaryImageOfPage\":{\"@id\":\"https:\/\/bodevici.com\/es\/donde-estamos#primaryimage\"},\"image\":{\"@id\":\"https:\/\/bodevici.com\/es\/donde-estamos#primaryimage\"},\"thumbnailUrl\":\"https:\/\/bodevici.com\/wp-content\/uploads\/2020\/12\/Boton4.png\",\"datePublished\":\"2020-08-14T16:20:36+00:00\",\"dateModified\":\"2024-04-09T13:24:10+00:00\",\"description\":\"D\u00f3nde comer helados ecol\u00f3gicos? Decubre heladerias, restaurantes y tiendas donde disfrutar de nuestros helados artesanales.\",\"breadcrumb\":{\"@id\":\"https:\/\/bodevici.com\/es\/donde-estamos#breadcrumb\"},\"inLanguage\":\"es\",\"potentialAction\":[{\"@type\":\"ReadAction\",\"target\":[\"https:\/\/bodevici.com\/es\/donde-estamos\"]}]},{\"@type\":\"ImageObject\",\"inLanguage\":\"es\",\"@id\":\"https:\/\/bodevici.com\/es\/donde-estamos#primaryimage\",\"url\":\"https:\/\/bodevici.com\/wp-content\/uploads\/2020\/12\/Boton4.png\",\"contentUrl\":\"https:\/\/bodevici.com\/wp-content\/uploads\/2020\/12\/Boton4.png\",\"width\":365,\"height\":351},{\"@type\":\"BreadcrumbList\",\"@id\":\"https:\/\/bodevici.com\/es\/donde-estamos#breadcrumb\",\"itemListElement\":[{\"@type\":\"ListItem\",\"position\":1,\"name\":\"Inici\",\"item\":\"https:\/\/bodevici.com\/es\"},{\"@type\":\"ListItem\",\"position\":2,\"name\":\"D\u00f3nde estamos\"}]},{\"@type\":\"WebSite\",\"@id\":\"https:\/\/bodevici.com\/#website\",\"url\":\"https:\/\/bodevici.com\/\",\"name\":\"Bodevici\",\"description\":\"Somos la 1\u00aa heladeria Zero Waste de Europa\",\"potentialAction\":[{\"@type\":\"SearchAction\",\"target\":{\"@type\":\"EntryPoint\",\"urlTemplate\":\"https:\/\/bodevici.com\/?s={search_term_string}\"},\"query-input\":{\"@type\":\"PropertyValueSpecification\",\"valueRequired\":true,\"valueName\":\"search_term_string\"}}],\"inLanguage\":\"es\"}]}<\/script>\n<!-- \/ Yoast SEO plugin. -->","yoast_head_json":{"title":"D\u00f3nde estamos - Bodevici","description":"D\u00f3nde comer helados ecol\u00f3gicos? Decubre heladerias, restaurantes y tiendas donde disfrutar de nuestros helados artesanales.","robots":{"index":"index","follow":"follow","max-snippet":"max-snippet:-1","max-image-preview":"max-image-preview:large","max-video-preview":"max-video-preview:-1"},"canonical":"https:\/\/bodevici.com\/es\/donde-estamos","og_locale":"es_ES","og_type":"article","og_title":"D\u00f3nde estamos - Bodevici","og_description":"D\u00f3nde comer helados ecol\u00f3gicos? Decubre heladerias, restaurantes y tiendas donde disfrutar de nuestros helados artesanales.","og_url":"https:\/\/bodevici.com\/es\/donde-estamos","og_site_name":"Bodevici","article_modified_time":"2024-04-09T13:24:10+00:00","og_image":[{"width":365,"height":351,"url":"https:\/\/bodevici.com\/wp-content\/uploads\/2020\/12\/Boton4.png","type":"image\/png"}],"twitter_card":"summary_large_image","twitter_misc":{"Tiempo de lectura":"3 minutos"},"schema":{"@context":"https:\/\/schema.org","@graph":[{"@type":["WebPage","ContactPage"],"@id":"https:\/\/bodevici.com\/es\/donde-estamos","url":"https:\/\/bodevici.com\/es\/donde-estamos","name":"D\u00f3nde estamos - Bodevici","isPartOf":{"@id":"https:\/\/bodevici.com\/#website"},"primaryImageOfPage":{"@id":"https:\/\/bodevici.com\/es\/donde-estamos#primaryimage"},"image":{"@id":"https:\/\/bodevici.com\/es\/donde-estamos#primaryimage"},"thumbnailUrl":"https:\/\/bodevici.com\/wp-content\/uploads\/2020\/12\/Boton4.png","datePublished":"2020-08-14T16:20:36+00:00","dateModified":"2024-04-09T13:24:10+00:00","description":"D\u00f3nde comer helados ecol\u00f3gicos? Decubre heladerias, restaurantes y tiendas donde disfrutar de nuestros helados artesanales.","breadcrumb":{"@id":"https:\/\/bodevici.com\/es\/donde-estamos#breadcrumb"},"inLanguage":"es","potentialAction":[{"@type":"ReadAction","target":["https:\/\/bodevici.com\/es\/donde-estamos"]}]},{"@type":"ImageObject","inLanguage":"es","@id":"https:\/\/bodevici.com\/es\/donde-estamos#primaryimage","url":"https:\/\/bodevici.com\/wp-content\/uploads\/2020\/12\/Boton4.png","contentUrl":"https:\/\/bodevici.com\/wp-content\/uploads\/2020\/12\/Boton4.png","width":365,"height":351},{"@type":"BreadcrumbList","@id":"https:\/\/bodevici.com\/es\/donde-estamos#breadcrumb","itemListElement":[{"@type":"ListItem","position":1,"name":"Inici","item":"https:\/\/bodevici.com\/es"},{"@type":"ListItem","position":2,"name":"D\u00f3nde estamos"}]},{"@type":"WebSite","@id":"https:\/\/bodevici.com\/#website","url":"https:\/\/bodevici.com\/","name":"Bodevici","description":"Somos la 1\u00aa heladeria Zero Waste de Europa","potentialAction":[{"@type":"SearchAction","target":{"@type":"EntryPoint","urlTemplate":"https:\/\/bodevici.com\/?s={search_term_string}"},"query-input":{"@type":"PropertyValueSpecification","valueRequired":true,"valueName":"search_term_string"}}],"inLanguage":"es"}]}},"featured_image_src":"https:\/\/bodevici.com\/wp-content\/uploads\/2020\/12\/Boton4.png","featured_image_src_square":"https:\/\/bodevici.com\/wp-content\/uploads\/2020\/12\/Boton4.png","_links":{"self":[{"href":"https:\/\/bodevici.com\/es\/wp-json\/wp\/v2\/pages\/64","targetHints":{"allow":["GET"]}}],"collection":[{"href":"https:\/\/bodevici.com\/es\/wp-json\/wp\/v2\/pages"}],"about":[{"href":"https:\/\/bodevici.com\/es\/wp-json\/wp\/v2\/types\/page"}],"author":[{"embeddable":true,"href":"https:\/\/bodevici.com\/es\/wp-json\/wp\/v2\/users\/1"}],"replies":[{"embeddable":true,"href":"https:\/\/bodevici.com\/es\/wp-json\/wp\/v2\/comments?post=64"}],"version-history":[{"count":40,"href":"https:\/\/bodevici.com\/es\/wp-json\/wp\/v2\/pages\/64\/revisions"}],"predecessor-version":[{"id":106453,"href":"https:\/\/bodevici.com\/es\/wp-json\/wp\/v2\/pages\/64\/revisions\/106453"}],"wp:featuredmedia":[{"embeddable":true,"href":"https:\/\/bodevici.com\/es\/wp-json\/wp\/v2\/media\/834"}],"wp:attachment":[{"href":"https:\/\/bodevici.com\/es\/wp-json\/wp\/v2\/media?parent=64"}],"curies":[{"name":"wp","href":"https:\/\/api.w.org\/{rel}","templated":true}]}}