{"id":3,"date":"2020-08-08T15:07:29","date_gmt":"2020-08-08T15:07:29","guid":{"rendered":"http:\/\/staging1.bodevici.es\/?page_id=3"},"modified":"2022-03-21T09:17:33","modified_gmt":"2022-03-21T09:17:33","slug":"politica-privacidad","status":"publish","type":"page","link":"https:\/\/bodevici.com\/es\/politica-privacidad","title":{"rendered":"Pol\u00edtica de privacidad"},"content":{"rendered":"\n<p><strong>PROTECCION DE DATOS<\/strong><\/p>\n\n\n\n<p>Pol\u00edtica Privacidad<\/p>\n\n\n\n<p><strong>PROTECCI\u00d3N DE DATOS<\/strong><\/p>\n\n\n\n<p>De conformidad con lo que establece la Ley Org\u00e1nica 15\/1999, de 13 de diciembre, de<\/p>\n\n\n\n<p>Protecci\u00f3n de Datos de Car\u00e1cter Personal, y de acuerdo con lo establecido en la Ley 34\/2002, de 11 de julio le informamos que :<\/p>\n\n\n\n<p>Sus datos ser\u00e1n incorporados a un fichero bajo la responsabilidad de BODEVICI.com con la finalidad de atender sus consultas , prestar el servicio solicitado y el env\u00edo de informaci\u00f3n comercial si as\u00ed lo ha solicitado<\/p>\n\n\n\n<p>Puede ejercer sus derechos de acceso, rectificaci\u00f3n, cancelaci\u00f3n y oposici\u00f3n mediante un escrito a nuestra direcci\u00f3n:<\/p>\n\n\n\n<p>Mientras no nos comunique lo contrario, entenderemos que sus datos no han sido modificados, que usted se compromete a notificarnos cualquier variaci\u00f3n y que contamos con su consentimiento para el tratamiento de los mismos.<\/p>\n\n\n\n<p>Seg\u00fan lo establecido en la Ley 34\/2002, de 11 de julio, de Servicios de la Sociedad de la Informaci\u00f3n y de Comercio Electr\u00f3nico, en su art\u00edculo 21, en el presente formulario le solicitamos tambi\u00e9n su consentimiento expreso para enviarle publicidad de nuestros productos o promociones que consideremos puedan ser de su inter\u00e9s, por correo electr\u00f3nico o por cualquier otro medio de comunicaci\u00f3n electr\u00f3nica equivalente.<\/p>\n\n\n\n<p>Le informamos que podr\u00e1 revocar en cualquier momento el consentimiento prestado a la recepci\u00f3n de comunicaciones comerciales enviando un e-mail a la direcci\u00f3n de correo electr\u00f3nico: info@bodevici.cat.<\/p>\n\n\n\n<p><strong>POL\u00cdTICA DE PRIVACIDAD<\/strong><\/p>\n\n\n\n<p>De conformidad con lo dispuesto en las Condiciones Generales de Acceso y Uso de la P\u00e1gina Web de BODEVICI.com, queremos que conozcas, mediante esta p\u00e1gina, cu\u00e1les son los criterios y reglas que seguimos respecto a la utilizaci\u00f3n de los datos que t\u00fa libre y voluntariamente nos facilites a trav\u00e9s de nuestra p\u00e1gina web. Nuestros criterios y reglas, es decir nuestra pol\u00edtica de protecci\u00f3n de datos, pueden variar con el tiempo debido a posibles cambios legislativos o de los criterios seguidos por la Agencia de Protecci\u00f3n de Datos, a la cual te podr\u00e1s dirigir, en caso que consideres que podamos haber incumplido algo de lo que en esta pagina te contamos. Si se produjese alg\u00fan cambio te mantendremos informado a trav\u00e9s de esta p\u00e1gina.<\/p>\n\n\n\n<p>BODEVICI.com, informa a sus usuarios que a lo largo de la web existen distintas herramientas de recogida de datos (formularios consulta, formularios registro\/contrataci\u00f3n, formularios altas de anuncios \u2026) utilizadas por el usuario para solicitar informaci\u00f3n, realizar consultas, solicitar su suscripci\u00f3n en BODEVICI.com, o para el registro como Usuario para acceder\/hacer uso de determinados servicios.<\/p>\n\n\n\n<p>La cumplimentaci\u00f3n de estos formularios o herramientas de recogida de datos y siempre previo consentimiento por parte del usuario implicar\u00e1n la inclusi\u00f3n de sus datos en nuestro fichero, inform\u00e1ndole a este respecto que:<\/p>\n\n\n\n<p><strong>Veracidad de los datos.<\/strong><\/p>\n\n\n\n<p>Por la cumplimentaci\u00f3n de estos formularios o herramientas similares, el USUARIO reconoce que los datos suministrados son veraces y ciertos, comprometi\u00e9ndose a notificar a BODEVICI.com, cualquier cambio o modificaci\u00f3n que se produzca en los mismos.<\/p>\n\n\n\n<p><strong>Existencia de un fichero y ubicaci\u00f3n.<\/strong><\/p>\n\n\n\n<p>BODEVICI.com, informa al USUARIO que los datos personales recogidos en estos formularios ser\u00e1n facilitados a BODEVICI.com, directamente por el usuario, o si estos interviniesen, por su comercial, por su agente o distribuidor de valor a\u00f1adido, para su introducci\u00f3n en un fichero creado y mantenido bajo la responsabilidad de BODEVICI.com, cuya ubicaci\u00f3n se localiza en las oficinas centrales de la compa\u00f1\u00eda.<\/p>\n\n\n\n<p>Dicho fichero o base de datos est\u00e1 plenamente identificado e inscrito en la Agencia de Protecci\u00f3n de Datos bajo el nombre USUARIOS BODEVICI.com, garantiz\u00e1ndose en todo momento que los datos solicitados son adecuados, pertinentes y no excesivos para el uso para el que han sido recabados.<\/p>\n\n\n\n<p>Los campos que componen los formularios de inscripci\u00f3n, informaci\u00f3n, alta o suscripci\u00f3n, podr\u00e1n ser de car\u00e1cter obligatorio o facultativo, tanto para servicios libres como para los que se requiere la condici\u00f3n de usuario registrado. BODEVICI.com, no impone en ning\u00fan momento al Usuario la obligaci\u00f3n de rellenar determinados campos que no son relevantes, pero si solicita sean rellenados otros campos que son necesarios para su gesti\u00f3n, tratamiento y comprobaci\u00f3n as\u00ed como para el env\u00edo de la informaci\u00f3n solicitada. Igualmente se informa que de no rellenar los campos considerados como obligatorios, no se proceder\u00e1 a efectuar el servicio vinculado al formulario, pudiendo tratarse de una petici\u00f3n de informaci\u00f3n, un presupuesto, o un registro de usuario, no gozando en este \u00faltimo caso de la condici\u00f3n de Usuario Registrado.<\/p>\n\n\n\n<p>El USUARIO autoriza a BODEVICI.com, sus agentes, sus comerciales y sus distribuidores cuya intervenci\u00f3n sea necesaria para la prestaci\u00f3n del Servicio, a tratar sus datos de car\u00e1cter personal con car\u00e1cter confidencial y de conformidad con la Ley Org\u00e1nica 15\/1999 de 13 de diciembre, de Protecci\u00f3n de Datos de Car\u00e1cter Personal y con los fines recogidos a continuaci\u00f3n<\/p>\n\n\n\n<p><strong>Finalidades de la recogida de datos.<\/strong><\/p>\n\n\n\n<p>BODEVICI.com, declara que los datos personales recabados ser\u00e1n utilizados para remitir INFORMACI\u00d3N GENERAL de la compa\u00f1\u00eda, previo consentimiento, as\u00ed como identificar a los destinatarios de los servicios solicitados en el caso de usuarios registrados, y con el fin de tramitar y gestionar las labores t\u00e9cnicas y administrativas necesarias para suministrar el servicio solicitado y\/o contratado por dichos usuarios o clientes en su caso, y con la finalidad de reportar en todo momento al Usuario nuestra mejor atenci\u00f3n.<\/p>\n\n\n\n<p>BODEVICI.com, informa al USUARIO que los datos personales recabados podr\u00e1n ser utilizados para medir el inter\u00e9s del USUARIO en la calidad de los servicios suministrados, con el fin de mejorar y ajustar los mismos a las preferencias del CLIENTE. Asimismo sus datos personales podr\u00e1n ser tratados para desarrollar nuevos servicios y para remitirle informaci\u00f3n comercial sobre los productos y servicios ofrecidos por BODEVICI.com, siempre y cuando haya dado su conformidad para recibir este tipo de informaci\u00f3n. Dicha informaci\u00f3n comercial ser\u00e1 enviada a la direcci\u00f3n de correo electr\u00f3nico aportada por el USUARIO, identificando la comunicaci\u00f3n como informaci\u00f3n publicitaria de forma que el USUARIO pueda eliminar el mensaje publicitario desde el primer momento, todo ello sin perjuicio de su derecho a oponerse a recibir este tipo de comunicaciones. Sus datos personales podr\u00e1n ser tambi\u00e9n utilizados para el registro peri\u00f3dico de las altas y bajas de los servicios contratados, as\u00ed como para valorar la demanda de los servicios, la fidelizaci\u00f3n de los USUARIO y el efecto que promociones o comunicaciones comerciales concretas pueden tener sobre dicha demanda.<\/p>\n\n\n\n<p>Los datos ser\u00e1n tratados informatizadamente por personal cualificado de BODEVICI.com, y su acceso estar\u00e1 restringido a excepci\u00f3n de quienes en virtud de su cargo debieran acceder a dicha informaci\u00f3n.<\/p>\n\n\n\n<p>En caso de que el usuario realice una simple consulta y no de conformidad a recibir informaci\u00f3n futura, sus datos ser\u00e1n eliminados una vez resuelta la consulta efectuada.<\/p>\n\n\n\n<p>Igualmente BODEVICI.com, informa a los Usuarios Registrados en el WEB que para tener esta condici\u00f3n, BODEVICI.com, requiere siempre que se cumplimente un formulario donde deber\u00e1n introducirse determinados datos personales de los Usuarios, adem\u00e1s de un nombre de usuario y contrase\u00f1a que BODEVICI.com, registrar\u00e1 para identificarle en pr\u00f3ximos accesos.(ver Condiciones de Uso).<\/p>\n\n\n\n<p>Dichos datos personales ser\u00e1n introducidos en una Base de datos propiedad de BODEVICI.com, con la finalidad de verificar los accesos del usuario y prestar el servicio solicitado mediante autenticaci\u00f3n.<\/p>\n\n\n\n<p>A su vez estos datos podr\u00e1n ser utilizados para remitir informaci\u00f3n comercial, promociones o noticias de la compa\u00f1\u00eda siempre y cuando el usuario registrado as\u00ed lo haya solicitado. Si el usuario registrado no deseara recibir informaci\u00f3n futura de BODEVICI.com, tan solo deber\u00e1 indicarlo en el registro o despu\u00e9s de este en cualquier momento por cualquiera de los medios disponibles. Independientemente de que opte o no por recibir informaci\u00f3n futura de BODEVICI.com, sus datos deber\u00e1n permanecer en nuestra Base de datos para gozar de la condici\u00f3n de Usuario registrado y su acceso a las zonas y servicios que as\u00ed lo requieren.<\/p>\n\n\n\n<p><strong>Medidas de seguridad y garant\u00edas<\/strong><\/p>\n\n\n\n<p>BODEVICI.com, garantiza que sus datos personales ser\u00e1n tratados con m\u00e1xima confidencialidad y secreto, adoptando BODEVICI.com, al respecto las Medidas de Seguridad de nivel b\u00e1sico aplicables a los mismos para evitar su p\u00e9rdida, alteraci\u00f3n, tratamiento o acceso no autorizado por terceros.<\/p>\n\n\n\n<p>Asimismo BODEVICI.com, se compromete a aplicar las siguientes garant\u00edas:<\/p>\n\n\n\n<p>1-a no ceder en ning\u00fan caso, a terceras personas, los datos recabados<\/p>\n\n\n\n<p>2-a utilizar los datos personales \u00fanica y exclusivamente para las finalidades indicadas<\/p>\n\n\n\n<p>3-a eliminar los datos personales del USUARIO en un plazo de cuatro a\u00f1os desde la conclusi\u00f3n del servicio, fecha en la que dichos datos se integrar\u00e1n en un archivo hist\u00f3rico de acceso restringido creado a efectos de controles estad\u00edsticos, administrativos, fiscales y\/o judiciales.<\/p>\n\n\n\n<p><strong>Relaciones con terceros.<\/strong><\/p>\n\n\n\n<p>BODEVICI.com, le informa que una copia del fichero USUARIOS BODEVICI.com donde est\u00e1n incluidos sus datos est\u00e1 alojado en un Data center con las m\u00e1ximas garant\u00edas de seguridad , con la finalidad de poder recibir la prestaci\u00f3n de servicios de nuestro proveedor de Internet para a su vez prestarle a usted el servicio solicitado : recibir consultas, altas de anuncios, autenticaciones de usuarios , y en definitiva la navegaci\u00f3n por el sitio web.<\/p>\n\n\n\n<p>En los supuestos en los que BODEVICI.com, prevea ceder sus datos personales a terceros, obtendr\u00e1 previamente su consentimiento inequ\u00edvoco para efectuar dichas cesiones inform\u00e1ndole en los correspondientes formularios electr\u00f3nicos de inscripci\u00f3n o solicitud de la finalidad o finalidades a que se destinar\u00e1n los datos objeto de cesi\u00f3n, as\u00ed como de la identidad y tipo de actividad del cesionario. A los datos personales del CLIENTE podr\u00e1n tener acceso terceras compa\u00f1\u00edas o profesionales cuya intervenci\u00f3n sea necesaria para la prestaci\u00f3n del servicio (tales como servicios de gestiones administrativas, transmisi\u00f3n de datos, recogida de datos, almacenamiento de datos,\u2026) y con las que BODEVICI.com, a tal efecto y como responsable del fichero, suscribir\u00e1 un contrato de prestaci\u00f3n de servicios con la empresa en cuesti\u00f3n, que actuar\u00e1 como Encargado del Tratamiento de conformidad con la ley 15\/99 de 13 de diciembre sobre Protecci\u00f3n de Datos Personales. En dicho contrato, se recoger\u00e1n las instrucciones de BODEVICI.com, al Encargado del tratamiento para la utilizaci\u00f3n de los datos, el nivel y medidas de seguridad aplicables a los mismos y las garant\u00edas establecidas para el uso y eliminaci\u00f3n de los datos una vez terminado el servicio contratado. Los datos personales de los CLIENTES no son objeto de transferencia internacional alguna. En el supuesto de que BODEVICI.com, en un futuro, prevea realizar un movimiento internacional de datos, comunicar\u00e1 previamente dicha cesi\u00f3n a los afectados, una vez comprobada la no aplicaci\u00f3n de las prohibiciones recogidas en la Ley 15\/99 de 13 de diciembre sobre Protecci\u00f3n de Datos Personales.<\/p>\n\n\n\n<p><strong>Ejercicio de derechos de acceso, rectificaci\u00f3n, cancelaci\u00f3n y oposici\u00f3n<\/strong><\/p>\n\n\n\n<p>El USUARIO podr\u00e1 solicitar en cualquier momento, el acceso al fichero de datos personales almacenado en BODEVICI.com, con el fin de obtener informaci\u00f3n sobre sus datos sometidos a tratamiento as\u00ed como sobre las comunicaciones realizadas a los mismos, en su caso, o para obtener la rectificaci\u00f3n, cancelaci\u00f3n, modificaci\u00f3n u oposici\u00f3n al tratamiento de sus datos personales, de conformidad con el procedimiento creado por BODEVICI.com, al efecto. Dichos derechos podr\u00e1n ejercitarse mediante notificaci\u00f3n escrita dirigida Calle Torrijos 21, Local dret. 08012 Barcelona \u2013 Espa\u00f1a. En este caso ser\u00e1 necesario que el usuario haga llegar, junto a la solicitud efectuada, una copia de su dni o cif, a fin de comprobar su identidad, o por correo electr\u00f3nico a la direcci\u00f3n info@bodevici.cat, realizando el env\u00edo de su solicitud desde el correo electr\u00f3nico con el que se registr\u00f3 en el web o el que facilit\u00f3 en el formulario enviado para su consulta o informaci\u00f3n.<\/p>\n\n\n\n<p>Dispone siempre de la posibilidad de baja autom\u00e1tica en cualquier comunicado que se le efect\u00fae por e-mail.<\/p>\n\n\n\n<p>Y en prueba de conformidad y aceptaci\u00f3n del contenido de la presente Solicitud, el USUARIO pulsa sobre el bot\u00f3n enviar en manifestaci\u00f3n de su consentimiento al tratamiento de sus datos personales.<\/p>\n","protected":false},"excerpt":{"rendered":"<p>PROTECCION DE DATOS Pol\u00edtica Privacidad PROTECCI\u00d3N DE DATOS De conformidad con lo que establece la Ley Org\u00e1nica 15\/1999, de 13 de diciembre, de Protecci\u00f3n de Datos de Car\u00e1cter Personal, y de acuerdo con lo establecido en la Ley 34\/2002, de 11 de julio le informamos que : Sus datos ser\u00e1n incorporados a un fichero bajo [&hellip;]<\/p>\n","protected":false},"author":1,"featured_media":0,"parent":0,"menu_order":0,"comment_status":"closed","ping_status":"open","template":"","meta":{"_genesis_hide_title":false,"_genesis_hide_breadcrumbs":false,"_genesis_hide_singular_image":false,"_genesis_hide_footer_widgets":false,"_genesis_custom_body_class":"","_genesis_custom_post_class":"","_genesis_layout":"","footnotes":""},"class_list":{"0":"post-3","1":"page","2":"type-page","3":"status-publish","5":"entry"},"yoast_head":"<!-- This site is optimized with the Yoast SEO plugin v25.4 - https:\/\/yoast.com\/wordpress\/plugins\/seo\/ -->\n<title>Pol\u00edtica de privacidad - Bodevici<\/title>\n<meta name=\"robots\" content=\"noindex, nofollow\" \/>\n<meta property=\"og:locale\" content=\"es_ES\" \/>\n<meta property=\"og:type\" content=\"article\" \/>\n<meta property=\"og:title\" content=\"Pol\u00edtica de privacidad - Bodevici\" \/>\n<meta property=\"og:description\" content=\"PROTECCION DE DATOS Pol\u00edtica Privacidad PROTECCI\u00d3N DE DATOS De conformidad con lo que establece la Ley Org\u00e1nica 15\/1999, de 13 de diciembre, de Protecci\u00f3n de Datos de Car\u00e1cter Personal, y de acuerdo con lo establecido en la Ley 34\/2002, de 11 de julio le informamos que : Sus datos ser\u00e1n incorporados a un fichero bajo [&hellip;]\" \/>\n<meta property=\"og:url\" content=\"https:\/\/bodevici.com\/es\/politica-privacidad\" \/>\n<meta property=\"og:site_name\" content=\"Bodevici\" \/>\n<meta property=\"article:modified_time\" content=\"2022-03-21T09:17:33+00:00\" \/>\n<meta name=\"twitter:card\" content=\"summary_large_image\" \/>\n<meta name=\"twitter:label1\" content=\"Tiempo de lectura\" \/>\n\t<meta name=\"twitter:data1\" content=\"11 minutos\" \/>\n<script type=\"application\/ld+json\" class=\"yoast-schema-graph\">{\"@context\":\"https:\/\/schema.org\",\"@graph\":[{\"@type\":\"WebPage\",\"@id\":\"https:\/\/bodevici.com\/es\/politica-privacidad\",\"url\":\"https:\/\/bodevici.com\/es\/politica-privacidad\",\"name\":\"Pol\u00edtica de privacidad - Bodevici\",\"isPartOf\":{\"@id\":\"https:\/\/bodevici.com\/#website\"},\"datePublished\":\"2020-08-08T15:07:29+00:00\",\"dateModified\":\"2022-03-21T09:17:33+00:00\",\"breadcrumb\":{\"@id\":\"https:\/\/bodevici.com\/es\/politica-privacidad#breadcrumb\"},\"inLanguage\":\"es\",\"potentialAction\":[{\"@type\":\"ReadAction\",\"target\":[\"https:\/\/bodevici.com\/es\/politica-privacidad\"]}]},{\"@type\":\"BreadcrumbList\",\"@id\":\"https:\/\/bodevici.com\/es\/politica-privacidad#breadcrumb\",\"itemListElement\":[{\"@type\":\"ListItem\",\"position\":1,\"name\":\"Inici\",\"item\":\"https:\/\/bodevici.com\/es\"},{\"@type\":\"ListItem\",\"position\":2,\"name\":\"Pol\u00edtica de privacidad\"}]},{\"@type\":\"WebSite\",\"@id\":\"https:\/\/bodevici.com\/#website\",\"url\":\"https:\/\/bodevici.com\/\",\"name\":\"Bodevici\",\"description\":\"Somos la 1\u00aa heladeria Zero Waste de Europa\",\"potentialAction\":[{\"@type\":\"SearchAction\",\"target\":{\"@type\":\"EntryPoint\",\"urlTemplate\":\"https:\/\/bodevici.com\/?s={search_term_string}\"},\"query-input\":{\"@type\":\"PropertyValueSpecification\",\"valueRequired\":true,\"valueName\":\"search_term_string\"}}],\"inLanguage\":\"es\"}]}<\/script>\n<!-- \/ Yoast SEO plugin. -->","yoast_head_json":{"title":"Pol\u00edtica de privacidad - Bodevici","robots":{"index":"noindex","follow":"nofollow"},"og_locale":"es_ES","og_type":"article","og_title":"Pol\u00edtica de privacidad - Bodevici","og_description":"PROTECCION DE DATOS Pol\u00edtica Privacidad PROTECCI\u00d3N DE DATOS De conformidad con lo que establece la Ley Org\u00e1nica 15\/1999, de 13 de diciembre, de Protecci\u00f3n de Datos de Car\u00e1cter Personal, y de acuerdo con lo establecido en la Ley 34\/2002, de 11 de julio le informamos que : Sus datos ser\u00e1n incorporados a un fichero bajo [&hellip;]","og_url":"https:\/\/bodevici.com\/es\/politica-privacidad","og_site_name":"Bodevici","article_modified_time":"2022-03-21T09:17:33+00:00","twitter_card":"summary_large_image","twitter_misc":{"Tiempo de lectura":"11 minutos"},"schema":{"@context":"https:\/\/schema.org","@graph":[{"@type":"WebPage","@id":"https:\/\/bodevici.com\/es\/politica-privacidad","url":"https:\/\/bodevici.com\/es\/politica-privacidad","name":"Pol\u00edtica de privacidad - Bodevici","isPartOf":{"@id":"https:\/\/bodevici.com\/#website"},"datePublished":"2020-08-08T15:07:29+00:00","dateModified":"2022-03-21T09:17:33+00:00","breadcrumb":{"@id":"https:\/\/bodevici.com\/es\/politica-privacidad#breadcrumb"},"inLanguage":"es","potentialAction":[{"@type":"ReadAction","target":["https:\/\/bodevici.com\/es\/politica-privacidad"]}]},{"@type":"BreadcrumbList","@id":"https:\/\/bodevici.com\/es\/politica-privacidad#breadcrumb","itemListElement":[{"@type":"ListItem","position":1,"name":"Inici","item":"https:\/\/bodevici.com\/es"},{"@type":"ListItem","position":2,"name":"Pol\u00edtica de privacidad"}]},{"@type":"WebSite","@id":"https:\/\/bodevici.com\/#website","url":"https:\/\/bodevici.com\/","name":"Bodevici","description":"Somos la 1\u00aa heladeria Zero Waste de Europa","potentialAction":[{"@type":"SearchAction","target":{"@type":"EntryPoint","urlTemplate":"https:\/\/bodevici.com\/?s={search_term_string}"},"query-input":{"@type":"PropertyValueSpecification","valueRequired":true,"valueName":"search_term_string"}}],"inLanguage":"es"}]}},"featured_image_src":null,"featured_image_src_square":null,"_links":{"self":[{"href":"https:\/\/bodevici.com\/es\/wp-json\/wp\/v2\/pages\/3","targetHints":{"allow":["GET"]}}],"collection":[{"href":"https:\/\/bodevici.com\/es\/wp-json\/wp\/v2\/pages"}],"about":[{"href":"https:\/\/bodevici.com\/es\/wp-json\/wp\/v2\/types\/page"}],"author":[{"embeddable":true,"href":"https:\/\/bodevici.com\/es\/wp-json\/wp\/v2\/users\/1"}],"replies":[{"embeddable":true,"href":"https:\/\/bodevici.com\/es\/wp-json\/wp\/v2\/comments?post=3"}],"version-history":[{"count":3,"href":"https:\/\/bodevici.com\/es\/wp-json\/wp\/v2\/pages\/3\/revisions"}],"predecessor-version":[{"id":1397,"href":"https:\/\/bodevici.com\/es\/wp-json\/wp\/v2\/pages\/3\/revisions\/1397"}],"wp:attachment":[{"href":"https:\/\/bodevici.com\/es\/wp-json\/wp\/v2\/media?parent=3"}],"curies":[{"name":"wp","href":"https:\/\/api.w.org\/{rel}","templated":true}]}}