{"id":10,"date":"2020-08-08T15:30:45","date_gmt":"2020-08-08T15:30:45","guid":{"rendered":"http:\/\/staging1.bodevici.es\/?page_id=10"},"modified":"2022-03-21T09:12:09","modified_gmt":"2022-03-21T09:12:09","slug":"inicio","status":"publish","type":"page","link":"https:\/\/bodevici.com\/es","title":{"rendered":"Inicio"},"content":{"rendered":"","protected":false},"excerpt":{"rendered":"","protected":false},"author":1,"featured_media":0,"parent":0,"menu_order":0,"comment_status":"closed","ping_status":"closed","template":"","meta":{"_genesis_hide_title":false,"_genesis_hide_breadcrumbs":false,"_genesis_hide_singular_image":false,"_genesis_hide_footer_widgets":false,"_genesis_custom_body_class":"","_genesis_custom_post_class":"","_genesis_layout":"","footnotes":""},"class_list":{"0":"post-10","1":"page","2":"type-page","3":"status-publish","5":"entry"},"yoast_head":"<!-- This site is optimized with the Yoast SEO plugin v25.4 - https:\/\/yoast.com\/wordpress\/plugins\/seo\/ -->\n<title>Inicio - Bodevici<\/title>\n<meta name=\"description\" content=\"Helados ecol\u00f3gicos y Zero Waste. Elaborados artesanalmente con ingredientes naturales y de primera calidad. Honestos y riqu\u00edsimos. Pu\u00e9balos!\" \/>\n<meta name=\"robots\" content=\"index, follow, max-snippet:-1, max-image-preview:large, max-video-preview:-1\" \/>\n<link rel=\"canonical\" href=\"https:\/\/bodevici.com\/es\" \/>\n<meta property=\"og:locale\" content=\"es_ES\" \/>\n<meta property=\"og:type\" content=\"article\" \/>\n<meta property=\"og:title\" content=\"Inicio - Bodevici\" \/>\n<meta property=\"og:description\" content=\"Helados ecol\u00f3gicos y Zero Waste. Elaborados artesanalmente con ingredientes naturales y de primera calidad. Honestos y riqu\u00edsimos. Pu\u00e9balos!\" \/>\n<meta property=\"og:url\" content=\"https:\/\/bodevici.com\/es\" \/>\n<meta property=\"og:site_name\" content=\"Bodevici\" \/>\n<meta property=\"article:modified_time\" content=\"2022-03-21T09:12:09+00:00\" \/>\n<meta name=\"twitter:card\" content=\"summary_large_image\" \/>\n<script type=\"application\/ld+json\" class=\"yoast-schema-graph\">{\"@context\":\"https:\/\/schema.org\",\"@graph\":[{\"@type\":\"WebPage\",\"@id\":\"https:\/\/bodevici.com\/es\",\"url\":\"https:\/\/bodevici.com\/es\",\"name\":\"Inicio - Bodevici\",\"isPartOf\":{\"@id\":\"https:\/\/bodevici.com\/#website\"},\"datePublished\":\"2020-08-08T15:30:45+00:00\",\"dateModified\":\"2022-03-21T09:12:09+00:00\",\"description\":\"Helados ecol\u00f3gicos y Zero Waste. Elaborados artesanalmente con ingredientes naturales y de primera calidad. Honestos y riqu\u00edsimos. Pu\u00e9balos!\",\"breadcrumb\":{\"@id\":\"https:\/\/bodevici.com\/es#breadcrumb\"},\"inLanguage\":\"es\",\"potentialAction\":[{\"@type\":\"ReadAction\",\"target\":[\"https:\/\/bodevici.com\/es\"]}]},{\"@type\":\"BreadcrumbList\",\"@id\":\"https:\/\/bodevici.com\/es#breadcrumb\",\"itemListElement\":[{\"@type\":\"ListItem\",\"position\":1,\"name\":\"Inici\",\"item\":\"https:\/\/bodevici.com\/es\"},{\"@type\":\"ListItem\",\"position\":2,\"name\":\"Inicio\"}]},{\"@type\":\"WebSite\",\"@id\":\"https:\/\/bodevici.com\/#website\",\"url\":\"https:\/\/bodevici.com\/\",\"name\":\"Bodevici\",\"description\":\"Somos la 1\u00aa heladeria Zero Waste de Europa\",\"potentialAction\":[{\"@type\":\"SearchAction\",\"target\":{\"@type\":\"EntryPoint\",\"urlTemplate\":\"https:\/\/bodevici.com\/?s={search_term_string}\"},\"query-input\":{\"@type\":\"PropertyValueSpecification\",\"valueRequired\":true,\"valueName\":\"search_term_string\"}}],\"inLanguage\":\"es\"}]}<\/script>\n<!-- \/ Yoast SEO plugin. -->","yoast_head_json":{"title":"Inicio - Bodevici","description":"Helados ecol\u00f3gicos y Zero Waste. Elaborados artesanalmente con ingredientes naturales y de primera calidad. Honestos y riqu\u00edsimos. Pu\u00e9balos!","robots":{"index":"index","follow":"follow","max-snippet":"max-snippet:-1","max-image-preview":"max-image-preview:large","max-video-preview":"max-video-preview:-1"},"canonical":"https:\/\/bodevici.com\/es","og_locale":"es_ES","og_type":"article","og_title":"Inicio - Bodevici","og_description":"Helados ecol\u00f3gicos y Zero Waste. Elaborados artesanalmente con ingredientes naturales y de primera calidad. Honestos y riqu\u00edsimos. Pu\u00e9balos!","og_url":"https:\/\/bodevici.com\/es","og_site_name":"Bodevici","article_modified_time":"2022-03-21T09:12:09+00:00","twitter_card":"summary_large_image","schema":{"@context":"https:\/\/schema.org","@graph":[{"@type":"WebPage","@id":"https:\/\/bodevici.com\/es","url":"https:\/\/bodevici.com\/es","name":"Inicio - Bodevici","isPartOf":{"@id":"https:\/\/bodevici.com\/#website"},"datePublished":"2020-08-08T15:30:45+00:00","dateModified":"2022-03-21T09:12:09+00:00","description":"Helados ecol\u00f3gicos y Zero Waste. Elaborados artesanalmente con ingredientes naturales y de primera calidad. Honestos y riqu\u00edsimos. Pu\u00e9balos!","breadcrumb":{"@id":"https:\/\/bodevici.com\/es#breadcrumb"},"inLanguage":"es","potentialAction":[{"@type":"ReadAction","target":["https:\/\/bodevici.com\/es"]}]},{"@type":"BreadcrumbList","@id":"https:\/\/bodevici.com\/es#breadcrumb","itemListElement":[{"@type":"ListItem","position":1,"name":"Inici","item":"https:\/\/bodevici.com\/es"},{"@type":"ListItem","position":2,"name":"Inicio"}]},{"@type":"WebSite","@id":"https:\/\/bodevici.com\/#website","url":"https:\/\/bodevici.com\/","name":"Bodevici","description":"Somos la 1\u00aa heladeria Zero Waste de Europa","potentialAction":[{"@type":"SearchAction","target":{"@type":"EntryPoint","urlTemplate":"https:\/\/bodevici.com\/?s={search_term_string}"},"query-input":{"@type":"PropertyValueSpecification","valueRequired":true,"valueName":"search_term_string"}}],"inLanguage":"es"}]}},"featured_image_src":null,"featured_image_src_square":null,"_links":{"self":[{"href":"https:\/\/bodevici.com\/es\/wp-json\/wp\/v2\/pages\/10","targetHints":{"allow":["GET"]}}],"collection":[{"href":"https:\/\/bodevici.com\/es\/wp-json\/wp\/v2\/pages"}],"about":[{"href":"https:\/\/bodevici.com\/es\/wp-json\/wp\/v2\/types\/page"}],"author":[{"embeddable":true,"href":"https:\/\/bodevici.com\/es\/wp-json\/wp\/v2\/users\/1"}],"replies":[{"embeddable":true,"href":"https:\/\/bodevici.com\/es\/wp-json\/wp\/v2\/comments?post=10"}],"version-history":[{"count":1,"href":"https:\/\/bodevici.com\/es\/wp-json\/wp\/v2\/pages\/10\/revisions"}],"predecessor-version":[{"id":11,"href":"https:\/\/bodevici.com\/es\/wp-json\/wp\/v2\/pages\/10\/revisions\/11"}],"wp:attachment":[{"href":"https:\/\/bodevici.com\/es\/wp-json\/wp\/v2\/media?parent=10"}],"curies":[{"name":"wp","href":"https:\/\/api.w.org\/{rel}","templated":true}]}}